{"id":66935,"date":"2025-05-28T08:29:57","date_gmt":"2025-05-28T06:29:57","guid":{"rendered":"https:\/\/thebrandcompany.garmentify.com\/producto\/bottiglia-in-vetro-con-tappo-in-bambu-zen-small-420-ml\/"},"modified":"2025-07-15T16:33:18","modified_gmt":"2025-07-15T14:33:18","slug":"bottiglia-in-vetro-con-tappo-in-bambu-zen-small-420-ml","status":"publish","type":"product","link":"https:\/\/thebrandcompany.garmentify.com\/it\/producto\/bottiglia-in-vetro-con-tappo-in-bambu-zen-small-420-ml\/","title":{"rendered":"Bottiglia in vetro con tappo in bamb\u00f9 ZEN SMALL 420 ml."},"content":{"rendered":"<p>    <title>Bottiglia in vetro e tappo in bamb\u00f9 ZEN SMALL 420 ml<\/title><\/p>\n<h1>Bottiglia in vetro e tappo in bamb\u00f9 ZEN SMALL 420 ml<\/h1>\n<p>La bottiglia in vetro e tappo in bamb\u00f9 ZEN SMALL 420 ml \u00e8 una soluzione elegante per restare idratati durante tutto il giorno. Questa bottiglia unisce design e funzionalit\u00e0 con un focus sulla sostenibilit\u00e0.<\/p>\n<p>La bottiglia ZEN SMALL presenta un design minimalista e pratico, con una capacit\u00e0 di 420 ml, perfetta per il consumo quotidiano di acqua. Realizzata in vetro trasparente, consente la visualizzazione del contenuto, mentre il tappo in bamb\u00f9 non solo aggiunge un tocco estetico naturale ma garantisce anche una chiusura sicura.<\/p>\n<h2>Tipo di Personalizzazione con Stampa Laser, Stampa a Mano, Serigrafia Vetrificata e Non Personalizzata<\/h2>\n<p>The Brand Company offre diverse opzioni di personalizzazione per questa bottiglia, tra cui la stampa laser per una finitura precisa e durevole, la stampa a mano lavabile che mantiene la qualit\u00e0 del design e la serigrafia vetrificata per un risultato brillante e resistente. Per coloro che preferiscono un design pi\u00f9 semplice, \u00e8 disponibile anche senza personalizzazione.<\/p>\n<h2>Colori della Personalizzazione in 1 Colore, Incisione e Senza Alcun Marchio<\/h2>\n<p>La personalizzazione pu\u00f2 essere effettuata in un solo colore, optando per l&#8217;incisione per uno stile pi\u00f9 discreto o senza alcun marchio per coloro che preferiscono la semplicit\u00e0 del design originale.<\/p>\n<h2>Opzioni Aggiuntive e Assistenza Personalizzata<\/h2>\n<p>Oltre alle opzioni di personalizzazione, The Brand Company offre servizi aggiuntivi per garantire che il prodotto finale soddisfi le aspettative di ciascun cliente. Questo include consigli di design, opzioni di confezionamento personalizzato e soluzioni logistiche per consegna e distribuzione.<\/p>\n<p>Questo prodotto non \u00e8 solo un&#8217;ottima scelta per uno stile di vita sano e sostenibile, ma offre anche un&#8217;opportunit\u00e0 unica per personalizzare ed esprimere il tuo marchio o personalit\u00e0.<\/p>\n","protected":false},"excerpt":{"rendered":"<p>Bottiglia da riempire in vetro da 420 ml ZEN SMALL 42 &#8211; 6,3x19cm. Manico e tappo in bamb\u00f9. Personalizzata con stampa diretta a un colore o a laser.<\/p>\n","protected":false},"featured_media":74056,"comment_status":"open","ping_status":"closed","template":"","meta":{"_acf_changed":false},"product_brand":[],"product_cat":[8369,8377],"product_tag":[],"class_list":{"0":"post-66935","1":"product","2":"type-product","3":"status-publish","4":"has-post-thumbnail","6":"product_cat-bottiglie-di-vetro-a-collo-largo","7":"product_cat-bottiglie-di-vetro-con-legno-o-sughero-o-bambu","8":"pa_capacidad-medida-400-ml-it","9":"pa_color-del-producto-colore-trasparente-it","10":"pa_color-del-tapon-o-tapa-tappo-di-legno-bamb-o-sughero-it","11":"pa_colores-personalizacion-1-colore-it","12":"pa_colores-personalizacion-incisione-it","13":"pa_colores-personalizacion-nessuna-marcatura-it","14":"pa_material-del-producto-vetro-it","15":"pa_tipo-de-personalizacion-laser-it","16":"pa_tipo-de-personalizacion-non-personalizzato-it","17":"pa_tipo-de-personalizacion-stampa-con-lavaggio-a-mano-it","18":"pa_tipo-de-personalizacion-stampa-serigrafica-vetrificata-it","20":"first","21":"instock","22":"taxable","23":"shipping-taxable","24":"purchasable","25":"product-type-variable","26":"wvs-archive-product-wrapper"},"acf":[],"yoast_head":"<!-- This site is optimized with the Yoast SEO plugin v27.2 - https:\/\/yoast.com\/product\/yoast-seo-wordpress\/ -->\n<title>Bottiglia in vetro con tappo in bamb\u00f9 ZEN SMALL 420 ml. - The Brand Company<\/title>\n<meta name=\"robots\" content=\"noindex, follow, max-snippet:-1, max-image-preview:large, max-video-preview:-1\" \/>\n<meta property=\"og:locale\" content=\"it_IT\" \/>\n<meta property=\"og:type\" content=\"article\" \/>\n<meta property=\"og:title\" content=\"Bottiglia in vetro con tappo in bamb\u00f9 ZEN SMALL 420 ml. - The Brand Company\" \/>\n<meta property=\"og:description\" content=\"Bottiglia da riempire in vetro da 420 ml ZEN SMALL 42 - 6,3x19cm. Manico e tappo in bamb\u00f9. Personalizzata con stampa diretta a un colore o a laser.\" \/>\n<meta property=\"og:url\" content=\"https:\/\/thebrandcompany.garmentify.com\/it\/producto\/bottiglia-in-vetro-con-tappo-in-bambu-zen-small-420-ml\/\" \/>\n<meta property=\"og:site_name\" content=\"The Brand Company\" \/>\n<meta property=\"article:modified_time\" content=\"2025-07-15T14:33:18+00:00\" \/>\n<meta property=\"og:image\" content=\"https:\/\/thebrandcompany.garmentify.com\/wp-content\/uploads\/2025\/05\/13845-TBC836-Botella-de-cristal-y-tap-n-de-bamb-ZEN-SMALL-de-420-ml-1-3.jpg\" \/>\n\t<meta property=\"og:image:width\" content=\"1000\" \/>\n\t<meta property=\"og:image:height\" content=\"1000\" \/>\n\t<meta property=\"og:image:type\" content=\"image\/jpeg\" \/>\n<meta name=\"twitter:card\" content=\"summary_large_image\" \/>\n<meta name=\"twitter:label1\" content=\"Tempo di lettura stimato\" \/>\n\t<meta name=\"twitter:data1\" content=\"1 minuto\" \/>\n<script type=\"application\/ld+json\" class=\"yoast-schema-graph\">{\"@context\":\"https:\/\/schema.org\",\"@graph\":[{\"@type\":\"WebPage\",\"@id\":\"https:\/\/thebrandcompany.garmentify.com\/it\/producto\/bottiglia-in-vetro-con-tappo-in-bambu-zen-small-420-ml\/\",\"url\":\"https:\/\/thebrandcompany.garmentify.com\/it\/producto\/bottiglia-in-vetro-con-tappo-in-bambu-zen-small-420-ml\/\",\"name\":\"Bottiglia in vetro con tappo in bamb\u00f9 ZEN SMALL 420 ml. - The Brand Company\",\"isPartOf\":{\"@id\":\"https:\/\/thebrandcompany.garmentify.com\/it\/#website\"},\"primaryImageOfPage\":{\"@id\":\"https:\/\/thebrandcompany.garmentify.com\/it\/producto\/bottiglia-in-vetro-con-tappo-in-bambu-zen-small-420-ml\/#primaryimage\"},\"image\":{\"@id\":\"https:\/\/thebrandcompany.garmentify.com\/it\/producto\/bottiglia-in-vetro-con-tappo-in-bambu-zen-small-420-ml\/#primaryimage\"},\"thumbnailUrl\":\"https:\/\/thebrandcompany.garmentify.com\/wp-content\/uploads\/2025\/05\/13845-TBC836-Botella-de-cristal-y-tap-n-de-bamb-ZEN-SMALL-de-420-ml-1-3.jpg\",\"datePublished\":\"2025-05-28T06:29:57+00:00\",\"dateModified\":\"2025-07-15T14:33:18+00:00\",\"breadcrumb\":{\"@id\":\"https:\/\/thebrandcompany.garmentify.com\/it\/producto\/bottiglia-in-vetro-con-tappo-in-bambu-zen-small-420-ml\/#breadcrumb\"},\"inLanguage\":\"it-IT\",\"potentialAction\":[{\"@type\":\"ReadAction\",\"target\":[\"https:\/\/thebrandcompany.garmentify.com\/it\/producto\/bottiglia-in-vetro-con-tappo-in-bambu-zen-small-420-ml\/\"]}]},{\"@type\":\"ImageObject\",\"inLanguage\":\"it-IT\",\"@id\":\"https:\/\/thebrandcompany.garmentify.com\/it\/producto\/bottiglia-in-vetro-con-tappo-in-bambu-zen-small-420-ml\/#primaryimage\",\"url\":\"https:\/\/thebrandcompany.garmentify.com\/wp-content\/uploads\/2025\/05\/13845-TBC836-Botella-de-cristal-y-tap-n-de-bamb-ZEN-SMALL-de-420-ml-1-3.jpg\",\"contentUrl\":\"https:\/\/thebrandcompany.garmentify.com\/wp-content\/uploads\/2025\/05\/13845-TBC836-Botella-de-cristal-y-tap-n-de-bamb-ZEN-SMALL-de-420-ml-1-3.jpg\",\"width\":1000,\"height\":1000},{\"@type\":\"BreadcrumbList\",\"@id\":\"https:\/\/thebrandcompany.garmentify.com\/it\/producto\/bottiglia-in-vetro-con-tappo-in-bambu-zen-small-420-ml\/#breadcrumb\",\"itemListElement\":[{\"@type\":\"ListItem\",\"position\":1,\"name\":\"Portada\",\"item\":\"https:\/\/thebrandcompany.garmentify.com\/it\/\"},{\"@type\":\"ListItem\",\"position\":2,\"name\":\"Negozio\",\"item\":\"https:\/\/thebrandcompany.garmentify.com\/tienda\/\"},{\"@type\":\"ListItem\",\"position\":3,\"name\":\"Bottiglia in vetro con tappo in bamb\u00f9 ZEN SMALL 420 ml.\"}]},{\"@type\":\"WebSite\",\"@id\":\"https:\/\/thebrandcompany.garmentify.com\/it\/#website\",\"url\":\"https:\/\/thebrandcompany.garmentify.com\/it\/\",\"name\":\"The Brand Company\",\"description\":\"\",\"potentialAction\":[{\"@type\":\"SearchAction\",\"target\":{\"@type\":\"EntryPoint\",\"urlTemplate\":\"https:\/\/thebrandcompany.garmentify.com\/it\/?s={search_term_string}\"},\"query-input\":{\"@type\":\"PropertyValueSpecification\",\"valueRequired\":true,\"valueName\":\"search_term_string\"}}],\"inLanguage\":\"it-IT\"}]}<\/script>\n<!-- \/ Yoast SEO plugin. -->","yoast_head_json":{"title":"Bottiglia in vetro con tappo in bamb\u00f9 ZEN SMALL 420 ml. - The Brand Company","robots":{"index":"noindex","follow":"follow","max-snippet":"max-snippet:-1","max-image-preview":"max-image-preview:large","max-video-preview":"max-video-preview:-1"},"og_locale":"it_IT","og_type":"article","og_title":"Bottiglia in vetro con tappo in bamb\u00f9 ZEN SMALL 420 ml. - The Brand Company","og_description":"Bottiglia da riempire in vetro da 420 ml ZEN SMALL 42 - 6,3x19cm. Manico e tappo in bamb\u00f9. Personalizzata con stampa diretta a un colore o a laser.","og_url":"https:\/\/thebrandcompany.garmentify.com\/it\/producto\/bottiglia-in-vetro-con-tappo-in-bambu-zen-small-420-ml\/","og_site_name":"The Brand Company","article_modified_time":"2025-07-15T14:33:18+00:00","og_image":[{"width":1000,"height":1000,"url":"https:\/\/thebrandcompany.garmentify.com\/wp-content\/uploads\/2025\/05\/13845-TBC836-Botella-de-cristal-y-tap-n-de-bamb-ZEN-SMALL-de-420-ml-1-3.jpg","type":"image\/jpeg"}],"twitter_card":"summary_large_image","twitter_misc":{"Tempo di lettura stimato":"1 minuto"},"schema":{"@context":"https:\/\/schema.org","@graph":[{"@type":"WebPage","@id":"https:\/\/thebrandcompany.garmentify.com\/it\/producto\/bottiglia-in-vetro-con-tappo-in-bambu-zen-small-420-ml\/","url":"https:\/\/thebrandcompany.garmentify.com\/it\/producto\/bottiglia-in-vetro-con-tappo-in-bambu-zen-small-420-ml\/","name":"Bottiglia in vetro con tappo in bamb\u00f9 ZEN SMALL 420 ml. - The Brand Company","isPartOf":{"@id":"https:\/\/thebrandcompany.garmentify.com\/it\/#website"},"primaryImageOfPage":{"@id":"https:\/\/thebrandcompany.garmentify.com\/it\/producto\/bottiglia-in-vetro-con-tappo-in-bambu-zen-small-420-ml\/#primaryimage"},"image":{"@id":"https:\/\/thebrandcompany.garmentify.com\/it\/producto\/bottiglia-in-vetro-con-tappo-in-bambu-zen-small-420-ml\/#primaryimage"},"thumbnailUrl":"https:\/\/thebrandcompany.garmentify.com\/wp-content\/uploads\/2025\/05\/13845-TBC836-Botella-de-cristal-y-tap-n-de-bamb-ZEN-SMALL-de-420-ml-1-3.jpg","datePublished":"2025-05-28T06:29:57+00:00","dateModified":"2025-07-15T14:33:18+00:00","breadcrumb":{"@id":"https:\/\/thebrandcompany.garmentify.com\/it\/producto\/bottiglia-in-vetro-con-tappo-in-bambu-zen-small-420-ml\/#breadcrumb"},"inLanguage":"it-IT","potentialAction":[{"@type":"ReadAction","target":["https:\/\/thebrandcompany.garmentify.com\/it\/producto\/bottiglia-in-vetro-con-tappo-in-bambu-zen-small-420-ml\/"]}]},{"@type":"ImageObject","inLanguage":"it-IT","@id":"https:\/\/thebrandcompany.garmentify.com\/it\/producto\/bottiglia-in-vetro-con-tappo-in-bambu-zen-small-420-ml\/#primaryimage","url":"https:\/\/thebrandcompany.garmentify.com\/wp-content\/uploads\/2025\/05\/13845-TBC836-Botella-de-cristal-y-tap-n-de-bamb-ZEN-SMALL-de-420-ml-1-3.jpg","contentUrl":"https:\/\/thebrandcompany.garmentify.com\/wp-content\/uploads\/2025\/05\/13845-TBC836-Botella-de-cristal-y-tap-n-de-bamb-ZEN-SMALL-de-420-ml-1-3.jpg","width":1000,"height":1000},{"@type":"BreadcrumbList","@id":"https:\/\/thebrandcompany.garmentify.com\/it\/producto\/bottiglia-in-vetro-con-tappo-in-bambu-zen-small-420-ml\/#breadcrumb","itemListElement":[{"@type":"ListItem","position":1,"name":"Portada","item":"https:\/\/thebrandcompany.garmentify.com\/it\/"},{"@type":"ListItem","position":2,"name":"Negozio","item":"https:\/\/thebrandcompany.garmentify.com\/tienda\/"},{"@type":"ListItem","position":3,"name":"Bottiglia in vetro con tappo in bamb\u00f9 ZEN SMALL 420 ml."}]},{"@type":"WebSite","@id":"https:\/\/thebrandcompany.garmentify.com\/it\/#website","url":"https:\/\/thebrandcompany.garmentify.com\/it\/","name":"The Brand Company","description":"","potentialAction":[{"@type":"SearchAction","target":{"@type":"EntryPoint","urlTemplate":"https:\/\/thebrandcompany.garmentify.com\/it\/?s={search_term_string}"},"query-input":{"@type":"PropertyValueSpecification","valueRequired":true,"valueName":"search_term_string"}}],"inLanguage":"it-IT"}]}},"_links":{"self":[{"href":"https:\/\/thebrandcompany.garmentify.com\/it\/wp-json\/wp\/v2\/product\/66935","targetHints":{"allow":["GET"]}}],"collection":[{"href":"https:\/\/thebrandcompany.garmentify.com\/it\/wp-json\/wp\/v2\/product"}],"about":[{"href":"https:\/\/thebrandcompany.garmentify.com\/it\/wp-json\/wp\/v2\/types\/product"}],"replies":[{"embeddable":true,"href":"https:\/\/thebrandcompany.garmentify.com\/it\/wp-json\/wp\/v2\/comments?post=66935"}],"wp:featuredmedia":[{"embeddable":true,"href":"https:\/\/thebrandcompany.garmentify.com\/it\/wp-json\/wp\/v2\/media\/74056"}],"wp:attachment":[{"href":"https:\/\/thebrandcompany.garmentify.com\/it\/wp-json\/wp\/v2\/media?parent=66935"}],"wp:term":[{"taxonomy":"product_brand","embeddable":true,"href":"https:\/\/thebrandcompany.garmentify.com\/it\/wp-json\/wp\/v2\/product_brand?post=66935"},{"taxonomy":"product_cat","embeddable":true,"href":"https:\/\/thebrandcompany.garmentify.com\/it\/wp-json\/wp\/v2\/product_cat?post=66935"},{"taxonomy":"product_tag","embeddable":true,"href":"https:\/\/thebrandcompany.garmentify.com\/it\/wp-json\/wp\/v2\/product_tag?post=66935"}],"curies":[{"name":"wp","href":"https:\/\/api.w.org\/{rel}","templated":true}]}}