{"id":66276,"date":"2025-05-28T08:16:29","date_gmt":"2025-05-28T06:16:29","guid":{"rendered":"https:\/\/thebrandcompany.garmentify.com\/producto\/bottiglia-piccola-in-metallo-330-ml-con-moschettone-henzo\/"},"modified":"2025-07-15T16:33:11","modified_gmt":"2025-07-15T14:33:11","slug":"bottiglia-piccola-in-metallo-330-ml-con-moschettone-henzo","status":"publish","type":"product","link":"https:\/\/thebrandcompany.garmentify.com\/it\/producto\/bottiglia-piccola-in-metallo-330-ml-con-moschettone-henzo\/","title":{"rendered":"Bottiglia piccola in metallo 330 ml con moschettone HENZO."},"content":{"rendered":"<p><title>Descrizione della Bottiglia HENZO<\/title><\/p>\n<h2>Bottiglia HENZO: Pratica, Resistente e Stilosa<\/h2>\n<p>La bottiglia HENZO \u00e8 un accessorio pratico e resistente, progettato per accompagnarti in tutte le tue avventure. Con una capacit\u00e0 di 330 ml, questa piccola bottiglia di metallo \u00e8 ideale per rimanere idratati senza occupare troppo spazio. L&#8217;aggiunta di un moschettone facilita il trasporto e assicura di poterla portare comodamente appesa al tuo zaino o alla cintura, rendendola perfetta per attivit\u00e0 all&#8217;aperto, escursioni o l&#8217;uso quotidiano.<\/p>\n<h3>Combinazione di Funzionalit\u00e0 e Stile<\/h3>\n<p>HENZO combina funzionalit\u00e0 con stile. Questa bottiglia non \u00e8 solo pratica per le sue dimensioni compatte e la capacit\u00e0 di mantenere le tue bevande alla temperatura desiderata, ma \u00e8 anche visivamente attraente, grazie al suo design elegante e moderno.<\/p>\n<h3>Variet\u00e0 di Dimensioni e Tappi per Adattarsi alle Tue Esigenze<\/h3>\n<p>Anche se HENZO viene presentato con una capacit\u00e0 di 330 ml, il suo design \u00e8 pensato per soddisfare le esigenze di coloro che richiedono una soluzione di idratazione leggera e facile da trasportare. Il moschettone incluso offre una versatilit\u00e0 aggiuntiva per quanto riguarda le opzioni di trasporto.<\/p>\n<h3>Personalizzazione Unica con Stampa Diretta<\/h3>\n<p>Personalizza la tua bottiglia HENZO con stampa diretta per renderla unica. Che si tratti di un logo, di un nome o di un design speciale, la personalizzazione ti permette di lasciare il tuo marchio personale o promozionale, trasformando HENZO in un ottimo regalo aziendale o personale.<\/p>\n<h3>Variegata Scelta di Stili e Colori per Soddisfare i Tuoi Gusti<\/h3>\n<p>Scegli tra una variet\u00e0 di colori per trovare quello che meglio si adatta al tuo stile personale o aziendale. Il design di HENZO \u00e8 sia funzionale che esteticamente gradevole, garantendo che non debba sacrificare lo stile per la praticit\u00e0.<\/p>\n<h3>Opzioni Aggiuntive e Assistenza Personalizzata<\/h3>\n<p>The Brand Company offre opzioni aggiuntive e assistenza personalizzata per assicurarsi che la tua bottiglia HENZO soddisfi tutte le tue aspettative. Dalla scelta del colore alla personalizzazione finale, ogni dettaglio viene gestito con la massima cura.<\/p>\n<p>La bottiglia HENZO \u00e8 la soluzione perfetta per coloro che cercano una bottiglia resistente, leggera e facile da trasportare, che combina funzionalit\u00e0 con design. Ideale per sportivi, viaggiatori e chiunque sia in movimento, HENZO ti assicura di rimanere idratato con stile.<\/p>\n","protected":false},"excerpt":{"rendered":"<p>Borraccia piccola in alluminio da 330 ml con moschettone in colori metallizzati assortiti HENZO &#8211; 6,6x15cm. Scatola individuale<\/p>\n","protected":false},"featured_media":70025,"comment_status":"open","ping_status":"closed","template":"","meta":{"_acf_changed":false},"product_brand":[],"product_cat":[8409],"product_tag":[],"class_list":{"0":"post-66276","1":"product","2":"type-product","3":"status-publish","4":"has-post-thumbnail","6":"product_cat-bottiglie-metalliche","7":"pa_capacidad-medida-330-ml-it","8":"pa_color-del-producto-colore-bianco-it","9":"pa_color-del-producto-colore-blu-it","10":"pa_color-del-producto-colore-nero-it","11":"pa_color-del-producto-colore-rosso-it","12":"pa_colores-personalizacion-1-colore-it","13":"pa_colores-personalizacion-nessuna-marcatura-it","14":"pa_material-del-producto-alluminio-it","15":"pa_tipo-de-personalizacion-non-personalizzato-it","16":"pa_tipo-de-personalizacion-stampa-diretta-it","18":"first","19":"instock","20":"taxable","21":"shipping-taxable","22":"purchasable","23":"product-type-variable","24":"wvs-archive-product-wrapper"},"acf":[],"yoast_head":"<!-- This site is optimized with the Yoast SEO plugin v27.2 - https:\/\/yoast.com\/product\/yoast-seo-wordpress\/ -->\n<title>Bottiglia piccola in metallo 330 ml con moschettone HENZO. - The Brand Company<\/title>\n<meta name=\"robots\" content=\"noindex, follow, max-snippet:-1, max-image-preview:large, max-video-preview:-1\" \/>\n<meta property=\"og:locale\" content=\"it_IT\" \/>\n<meta property=\"og:type\" content=\"article\" \/>\n<meta property=\"og:title\" content=\"Bottiglia piccola in metallo 330 ml con moschettone HENZO. - The Brand Company\" \/>\n<meta property=\"og:description\" content=\"Borraccia piccola in alluminio da 330 ml con moschettone in colori metallizzati assortiti HENZO - 6,6x15cm. Scatola individuale\" \/>\n<meta property=\"og:url\" content=\"https:\/\/thebrandcompany.garmentify.com\/it\/producto\/bottiglia-piccola-in-metallo-330-ml-con-moschettone-henzo\/\" \/>\n<meta property=\"og:site_name\" content=\"The Brand Company\" \/>\n<meta property=\"article:modified_time\" content=\"2025-07-15T14:33:11+00:00\" \/>\n<meta property=\"og:image\" content=\"https:\/\/thebrandcompany.garmentify.com\/wp-content\/uploads\/2025\/05\/14203-TBC802-Bid-n-de-metal-peque-o-de-330ml-con-mosquet-n-HENZO-1-1.jpg\" \/>\n\t<meta property=\"og:image:width\" content=\"771\" \/>\n\t<meta property=\"og:image:height\" content=\"770\" \/>\n\t<meta property=\"og:image:type\" content=\"image\/jpeg\" \/>\n<meta name=\"twitter:card\" content=\"summary_large_image\" \/>\n<meta name=\"twitter:label1\" content=\"Tempo di lettura stimato\" \/>\n\t<meta name=\"twitter:data1\" content=\"2 minuti\" \/>\n<script type=\"application\/ld+json\" class=\"yoast-schema-graph\">{\"@context\":\"https:\/\/schema.org\",\"@graph\":[{\"@type\":\"WebPage\",\"@id\":\"https:\/\/thebrandcompany.garmentify.com\/it\/producto\/bottiglia-piccola-in-metallo-330-ml-con-moschettone-henzo\/\",\"url\":\"https:\/\/thebrandcompany.garmentify.com\/it\/producto\/bottiglia-piccola-in-metallo-330-ml-con-moschettone-henzo\/\",\"name\":\"Bottiglia piccola in metallo 330 ml con moschettone HENZO. - The Brand Company\",\"isPartOf\":{\"@id\":\"https:\/\/thebrandcompany.garmentify.com\/it\/#website\"},\"primaryImageOfPage\":{\"@id\":\"https:\/\/thebrandcompany.garmentify.com\/it\/producto\/bottiglia-piccola-in-metallo-330-ml-con-moschettone-henzo\/#primaryimage\"},\"image\":{\"@id\":\"https:\/\/thebrandcompany.garmentify.com\/it\/producto\/bottiglia-piccola-in-metallo-330-ml-con-moschettone-henzo\/#primaryimage\"},\"thumbnailUrl\":\"https:\/\/thebrandcompany.garmentify.com\/wp-content\/uploads\/2025\/05\/14203-TBC802-Bid-n-de-metal-peque-o-de-330ml-con-mosquet-n-HENZO-1-1.jpg\",\"datePublished\":\"2025-05-28T06:16:29+00:00\",\"dateModified\":\"2025-07-15T14:33:11+00:00\",\"breadcrumb\":{\"@id\":\"https:\/\/thebrandcompany.garmentify.com\/it\/producto\/bottiglia-piccola-in-metallo-330-ml-con-moschettone-henzo\/#breadcrumb\"},\"inLanguage\":\"it-IT\",\"potentialAction\":[{\"@type\":\"ReadAction\",\"target\":[\"https:\/\/thebrandcompany.garmentify.com\/it\/producto\/bottiglia-piccola-in-metallo-330-ml-con-moschettone-henzo\/\"]}]},{\"@type\":\"ImageObject\",\"inLanguage\":\"it-IT\",\"@id\":\"https:\/\/thebrandcompany.garmentify.com\/it\/producto\/bottiglia-piccola-in-metallo-330-ml-con-moschettone-henzo\/#primaryimage\",\"url\":\"https:\/\/thebrandcompany.garmentify.com\/wp-content\/uploads\/2025\/05\/14203-TBC802-Bid-n-de-metal-peque-o-de-330ml-con-mosquet-n-HENZO-1-1.jpg\",\"contentUrl\":\"https:\/\/thebrandcompany.garmentify.com\/wp-content\/uploads\/2025\/05\/14203-TBC802-Bid-n-de-metal-peque-o-de-330ml-con-mosquet-n-HENZO-1-1.jpg\",\"width\":771,\"height\":770},{\"@type\":\"BreadcrumbList\",\"@id\":\"https:\/\/thebrandcompany.garmentify.com\/it\/producto\/bottiglia-piccola-in-metallo-330-ml-con-moschettone-henzo\/#breadcrumb\",\"itemListElement\":[{\"@type\":\"ListItem\",\"position\":1,\"name\":\"Portada\",\"item\":\"https:\/\/thebrandcompany.garmentify.com\/it\/\"},{\"@type\":\"ListItem\",\"position\":2,\"name\":\"Negozio\",\"item\":\"https:\/\/thebrandcompany.garmentify.com\/tienda\/\"},{\"@type\":\"ListItem\",\"position\":3,\"name\":\"Bottiglia piccola in metallo 330 ml con moschettone HENZO.\"}]},{\"@type\":\"WebSite\",\"@id\":\"https:\/\/thebrandcompany.garmentify.com\/it\/#website\",\"url\":\"https:\/\/thebrandcompany.garmentify.com\/it\/\",\"name\":\"The Brand Company\",\"description\":\"\",\"potentialAction\":[{\"@type\":\"SearchAction\",\"target\":{\"@type\":\"EntryPoint\",\"urlTemplate\":\"https:\/\/thebrandcompany.garmentify.com\/it\/?s={search_term_string}\"},\"query-input\":{\"@type\":\"PropertyValueSpecification\",\"valueRequired\":true,\"valueName\":\"search_term_string\"}}],\"inLanguage\":\"it-IT\"}]}<\/script>\n<!-- \/ Yoast SEO plugin. -->","yoast_head_json":{"title":"Bottiglia piccola in metallo 330 ml con moschettone HENZO. - The Brand Company","robots":{"index":"noindex","follow":"follow","max-snippet":"max-snippet:-1","max-image-preview":"max-image-preview:large","max-video-preview":"max-video-preview:-1"},"og_locale":"it_IT","og_type":"article","og_title":"Bottiglia piccola in metallo 330 ml con moschettone HENZO. - The Brand Company","og_description":"Borraccia piccola in alluminio da 330 ml con moschettone in colori metallizzati assortiti HENZO - 6,6x15cm. Scatola individuale","og_url":"https:\/\/thebrandcompany.garmentify.com\/it\/producto\/bottiglia-piccola-in-metallo-330-ml-con-moschettone-henzo\/","og_site_name":"The Brand Company","article_modified_time":"2025-07-15T14:33:11+00:00","og_image":[{"width":771,"height":770,"url":"https:\/\/thebrandcompany.garmentify.com\/wp-content\/uploads\/2025\/05\/14203-TBC802-Bid-n-de-metal-peque-o-de-330ml-con-mosquet-n-HENZO-1-1.jpg","type":"image\/jpeg"}],"twitter_card":"summary_large_image","twitter_misc":{"Tempo di lettura stimato":"2 minuti"},"schema":{"@context":"https:\/\/schema.org","@graph":[{"@type":"WebPage","@id":"https:\/\/thebrandcompany.garmentify.com\/it\/producto\/bottiglia-piccola-in-metallo-330-ml-con-moschettone-henzo\/","url":"https:\/\/thebrandcompany.garmentify.com\/it\/producto\/bottiglia-piccola-in-metallo-330-ml-con-moschettone-henzo\/","name":"Bottiglia piccola in metallo 330 ml con moschettone HENZO. - The Brand Company","isPartOf":{"@id":"https:\/\/thebrandcompany.garmentify.com\/it\/#website"},"primaryImageOfPage":{"@id":"https:\/\/thebrandcompany.garmentify.com\/it\/producto\/bottiglia-piccola-in-metallo-330-ml-con-moschettone-henzo\/#primaryimage"},"image":{"@id":"https:\/\/thebrandcompany.garmentify.com\/it\/producto\/bottiglia-piccola-in-metallo-330-ml-con-moschettone-henzo\/#primaryimage"},"thumbnailUrl":"https:\/\/thebrandcompany.garmentify.com\/wp-content\/uploads\/2025\/05\/14203-TBC802-Bid-n-de-metal-peque-o-de-330ml-con-mosquet-n-HENZO-1-1.jpg","datePublished":"2025-05-28T06:16:29+00:00","dateModified":"2025-07-15T14:33:11+00:00","breadcrumb":{"@id":"https:\/\/thebrandcompany.garmentify.com\/it\/producto\/bottiglia-piccola-in-metallo-330-ml-con-moschettone-henzo\/#breadcrumb"},"inLanguage":"it-IT","potentialAction":[{"@type":"ReadAction","target":["https:\/\/thebrandcompany.garmentify.com\/it\/producto\/bottiglia-piccola-in-metallo-330-ml-con-moschettone-henzo\/"]}]},{"@type":"ImageObject","inLanguage":"it-IT","@id":"https:\/\/thebrandcompany.garmentify.com\/it\/producto\/bottiglia-piccola-in-metallo-330-ml-con-moschettone-henzo\/#primaryimage","url":"https:\/\/thebrandcompany.garmentify.com\/wp-content\/uploads\/2025\/05\/14203-TBC802-Bid-n-de-metal-peque-o-de-330ml-con-mosquet-n-HENZO-1-1.jpg","contentUrl":"https:\/\/thebrandcompany.garmentify.com\/wp-content\/uploads\/2025\/05\/14203-TBC802-Bid-n-de-metal-peque-o-de-330ml-con-mosquet-n-HENZO-1-1.jpg","width":771,"height":770},{"@type":"BreadcrumbList","@id":"https:\/\/thebrandcompany.garmentify.com\/it\/producto\/bottiglia-piccola-in-metallo-330-ml-con-moschettone-henzo\/#breadcrumb","itemListElement":[{"@type":"ListItem","position":1,"name":"Portada","item":"https:\/\/thebrandcompany.garmentify.com\/it\/"},{"@type":"ListItem","position":2,"name":"Negozio","item":"https:\/\/thebrandcompany.garmentify.com\/tienda\/"},{"@type":"ListItem","position":3,"name":"Bottiglia piccola in metallo 330 ml con moschettone HENZO."}]},{"@type":"WebSite","@id":"https:\/\/thebrandcompany.garmentify.com\/it\/#website","url":"https:\/\/thebrandcompany.garmentify.com\/it\/","name":"The Brand Company","description":"","potentialAction":[{"@type":"SearchAction","target":{"@type":"EntryPoint","urlTemplate":"https:\/\/thebrandcompany.garmentify.com\/it\/?s={search_term_string}"},"query-input":{"@type":"PropertyValueSpecification","valueRequired":true,"valueName":"search_term_string"}}],"inLanguage":"it-IT"}]}},"_links":{"self":[{"href":"https:\/\/thebrandcompany.garmentify.com\/it\/wp-json\/wp\/v2\/product\/66276","targetHints":{"allow":["GET"]}}],"collection":[{"href":"https:\/\/thebrandcompany.garmentify.com\/it\/wp-json\/wp\/v2\/product"}],"about":[{"href":"https:\/\/thebrandcompany.garmentify.com\/it\/wp-json\/wp\/v2\/types\/product"}],"replies":[{"embeddable":true,"href":"https:\/\/thebrandcompany.garmentify.com\/it\/wp-json\/wp\/v2\/comments?post=66276"}],"wp:featuredmedia":[{"embeddable":true,"href":"https:\/\/thebrandcompany.garmentify.com\/it\/wp-json\/wp\/v2\/media\/70025"}],"wp:attachment":[{"href":"https:\/\/thebrandcompany.garmentify.com\/it\/wp-json\/wp\/v2\/media?parent=66276"}],"wp:term":[{"taxonomy":"product_brand","embeddable":true,"href":"https:\/\/thebrandcompany.garmentify.com\/it\/wp-json\/wp\/v2\/product_brand?post=66276"},{"taxonomy":"product_cat","embeddable":true,"href":"https:\/\/thebrandcompany.garmentify.com\/it\/wp-json\/wp\/v2\/product_cat?post=66276"},{"taxonomy":"product_tag","embeddable":true,"href":"https:\/\/thebrandcompany.garmentify.com\/it\/wp-json\/wp\/v2\/product_tag?post=66276"}],"curies":[{"name":"wp","href":"https:\/\/api.w.org\/{rel}","templated":true}]}}