{"id":83285,"date":"2025-06-04T11:26:33","date_gmt":"2025-06-04T09:26:33","guid":{"rendered":"https:\/\/thebrandcompany.garmentify.com\/producto\/vegan-bouteille-deau-origine-vegetale-personnalisee-50cl\/"},"modified":"2025-07-15T16:27:24","modified_gmt":"2025-07-15T14:27:24","slug":"vegan-bouteille-deau-origine-vegetale-personnalisee-50cl","status":"publish","type":"product","link":"https:\/\/thebrandcompany.garmentify.com\/fr\/producto\/vegan-bouteille-deau-origine-vegetale-personnalisee-50cl\/","title":{"rendered":"Vegan, Bouteille d&rsquo;eau origine v\u00e9g\u00e9tale personnalis\u00e9e 50cl"},"content":{"rendered":"<h2>D\u00e9couvrez notre bouteille d\u2019eau v\u00e9gane de 50 cl<\/h2>\n<p>Fabriqu\u00e9e \u00e0 partir de mat\u00e9riaux 100 % v\u00e9g\u00e9taux provenant de biod\u00e9chets transform\u00e9s en une bouteille biod\u00e9gradable et compostable. Personnalis\u00e9e avec une \u00e9tiquette en papier imprim\u00e9e en quadrichromie, elle est parfaite pour les marques souhaitant se d\u00e9marquer lors d\u2019\u00e9v\u00e9nements, de promotions ou d\u2019activit\u00e9s d\u2019entreprise avec une approche durable et attrayante.<\/p>\n<h3>Eau filtr\u00e9e de haute qualit\u00e9<\/h3>\n<p>La bouteille contient de l\u2019eau filtr\u00e9e de haute qualit\u00e9, garantissant une exp\u00e9rience rafra\u00eechissante et pure pour le consommateur. Sa composition innovante lui permet de se d\u00e9composer beaucoup plus rapidement que les emballages classiques. De plus, gr\u00e2ce \u00e0 son design personnalisable, vous pouvez ajouter le logo, un message ou un design unique, faisant de cette bouteille un \u00e9l\u00e9ment promotionnel \u00e0 la fois impactant et fonctionnel.<\/p>\n<h3>Caract\u00e9ristiques principales<\/h3>\n<ul>\n<li>Bouteille 100 % v\u00e9g\u00e9tale, v\u00e9gane, biod\u00e9gradable et compostable.<\/li>\n<li>Fabriqu\u00e9e \u00e0 partir de biod\u00e9chets.<\/li>\n<li>Se d\u00e9compose beaucoup plus rapidement que les emballages classiques.<\/li>\n<li>Capacit\u00e9 : 50 cl.<\/li>\n<li>Personnalisation : \u00c9tiquette en papier imprim\u00e9e en quadrichromie.<\/li>\n<li>Contenu : Eau filtr\u00e9e de haute qualit\u00e9.<\/li>\n<li>Id\u00e9ale pour \u00e9v\u00e9nements, promotions et campagnes de branding.<\/li>\n<\/ul>\n<p>Avec un design moderne et \u00e9cologique, cette bouteille est un choix responsable et visuellement attrayant. Parfaite pour les entreprises souhaitant transmettre des valeurs durables et une image innovante.<\/p>\n<p><strong>Commandez d\u00e8s maintenant et d\u00e9marquez-vous lors de vos \u00e9v\u00e9nements avec une bouteille durable et personnalis\u00e9e\u202f!<\/strong><\/p>\n","protected":false},"excerpt":{"rendered":"<p>Bouteille d\u2019eau v\u00e9gane 100 % v\u00e9g\u00e9tale de 50 cl, fabriqu\u00e9e \u00e0 partir de biod\u00e9chets. Biod\u00e9gradable et compostable. Personnalis\u00e9e avec une \u00e9tiquette en papier imprim\u00e9e en quadrichromie, id\u00e9ale pour \u00e9v\u00e9nements et promotions.<\/p>\n","protected":false},"featured_media":83477,"comment_status":"open","ping_status":"closed","template":"","meta":{"_acf_changed":false},"product_brand":[],"product_cat":[8166,8158],"product_tag":[],"class_list":{"0":"post-83285","1":"product","2":"type-product","3":"status-publish","4":"has-post-thumbnail","6":"product_cat-bouteilles-en-plastique-de-couleur","7":"product_cat-bouteilles-en-plastique-et-rpet","8":"pa_capacidad-medida-500-ml-fr","9":"pa_colores-personalizacion-quadri-fr","10":"pa_tipo-de-personalizacion-tiquette-en-papier-fr","12":"first","13":"instock","14":"taxable","15":"shipping-taxable","16":"purchasable","17":"product-type-variable","18":"wvs-archive-product-wrapper"},"acf":[],"yoast_head":"<!-- This site is optimized with the Yoast SEO plugin v27.2 - https:\/\/yoast.com\/product\/yoast-seo-wordpress\/ -->\n<title>Vegan, Bouteille d&#039;eau origine v\u00e9g\u00e9tale personnalis\u00e9e 50cl - The Brand Company<\/title>\n<meta name=\"robots\" content=\"noindex, follow, max-snippet:-1, max-image-preview:large, max-video-preview:-1\" \/>\n<meta property=\"og:locale\" content=\"fr_FR\" \/>\n<meta property=\"og:type\" content=\"article\" \/>\n<meta property=\"og:title\" content=\"Vegan, Bouteille d&#039;eau origine v\u00e9g\u00e9tale personnalis\u00e9e 50cl - The Brand Company\" \/>\n<meta property=\"og:description\" content=\"Bouteille d\u2019eau v\u00e9gane 100 % v\u00e9g\u00e9tale de 50 cl, fabriqu\u00e9e \u00e0 partir de biod\u00e9chets. Biod\u00e9gradable et compostable. Personnalis\u00e9e avec une \u00e9tiquette en papier imprim\u00e9e en quadrichromie, id\u00e9ale pour \u00e9v\u00e9nements et promotions.\" \/>\n<meta property=\"og:url\" content=\"https:\/\/thebrandcompany.garmentify.com\/fr\/producto\/vegan-bouteille-deau-origine-vegetale-personnalisee-50cl\/\" \/>\n<meta property=\"og:site_name\" content=\"The Brand Company\" \/>\n<meta property=\"article:modified_time\" content=\"2025-07-15T14:27:24+00:00\" \/>\n<meta property=\"og:image\" content=\"https:\/\/thebrandcompany.garmentify.com\/wp-content\/uploads\/2025\/06\/64728-TBC195-Vegan-Botella-de-agua-origen-vegetal-personalizada-50cl.png\" \/>\n\t<meta property=\"og:image:width\" content=\"1093\" \/>\n\t<meta property=\"og:image:height\" content=\"1236\" \/>\n\t<meta property=\"og:image:type\" content=\"image\/png\" \/>\n<meta name=\"twitter:card\" content=\"summary_large_image\" \/>\n<meta name=\"twitter:label1\" content=\"Dur\u00e9e de lecture estim\u00e9e\" \/>\n\t<meta name=\"twitter:data1\" content=\"1 minute\" \/>\n<script type=\"application\/ld+json\" class=\"yoast-schema-graph\">{\"@context\":\"https:\/\/schema.org\",\"@graph\":[{\"@type\":\"WebPage\",\"@id\":\"https:\/\/thebrandcompany.garmentify.com\/fr\/producto\/vegan-bouteille-deau-origine-vegetale-personnalisee-50cl\/\",\"url\":\"https:\/\/thebrandcompany.garmentify.com\/fr\/producto\/vegan-bouteille-deau-origine-vegetale-personnalisee-50cl\/\",\"name\":\"Vegan, Bouteille d'eau origine v\u00e9g\u00e9tale personnalis\u00e9e 50cl - The Brand Company\",\"isPartOf\":{\"@id\":\"https:\/\/thebrandcompany.garmentify.com\/fr\/#website\"},\"primaryImageOfPage\":{\"@id\":\"https:\/\/thebrandcompany.garmentify.com\/fr\/producto\/vegan-bouteille-deau-origine-vegetale-personnalisee-50cl\/#primaryimage\"},\"image\":{\"@id\":\"https:\/\/thebrandcompany.garmentify.com\/fr\/producto\/vegan-bouteille-deau-origine-vegetale-personnalisee-50cl\/#primaryimage\"},\"thumbnailUrl\":\"https:\/\/thebrandcompany.garmentify.com\/wp-content\/uploads\/2025\/06\/64728-TBC195-Vegan-Botella-de-agua-origen-vegetal-personalizada-50cl.png\",\"datePublished\":\"2025-06-04T09:26:33+00:00\",\"dateModified\":\"2025-07-15T14:27:24+00:00\",\"breadcrumb\":{\"@id\":\"https:\/\/thebrandcompany.garmentify.com\/fr\/producto\/vegan-bouteille-deau-origine-vegetale-personnalisee-50cl\/#breadcrumb\"},\"inLanguage\":\"fr-FR\",\"potentialAction\":[{\"@type\":\"ReadAction\",\"target\":[\"https:\/\/thebrandcompany.garmentify.com\/fr\/producto\/vegan-bouteille-deau-origine-vegetale-personnalisee-50cl\/\"]}]},{\"@type\":\"ImageObject\",\"inLanguage\":\"fr-FR\",\"@id\":\"https:\/\/thebrandcompany.garmentify.com\/fr\/producto\/vegan-bouteille-deau-origine-vegetale-personnalisee-50cl\/#primaryimage\",\"url\":\"https:\/\/thebrandcompany.garmentify.com\/wp-content\/uploads\/2025\/06\/64728-TBC195-Vegan-Botella-de-agua-origen-vegetal-personalizada-50cl.png\",\"contentUrl\":\"https:\/\/thebrandcompany.garmentify.com\/wp-content\/uploads\/2025\/06\/64728-TBC195-Vegan-Botella-de-agua-origen-vegetal-personalizada-50cl.png\",\"width\":1093,\"height\":1236},{\"@type\":\"BreadcrumbList\",\"@id\":\"https:\/\/thebrandcompany.garmentify.com\/fr\/producto\/vegan-bouteille-deau-origine-vegetale-personnalisee-50cl\/#breadcrumb\",\"itemListElement\":[{\"@type\":\"ListItem\",\"position\":1,\"name\":\"Portada\",\"item\":\"https:\/\/thebrandcompany.garmentify.com\/fr\/\"},{\"@type\":\"ListItem\",\"position\":2,\"name\":\"Boutique\",\"item\":\"https:\/\/thebrandcompany.garmentify.com\/tienda\/\"},{\"@type\":\"ListItem\",\"position\":3,\"name\":\"Vegan, Bouteille d&#8217;eau origine v\u00e9g\u00e9tale personnalis\u00e9e 50cl\"}]},{\"@type\":\"WebSite\",\"@id\":\"https:\/\/thebrandcompany.garmentify.com\/fr\/#website\",\"url\":\"https:\/\/thebrandcompany.garmentify.com\/fr\/\",\"name\":\"The Brand Company\",\"description\":\"\",\"potentialAction\":[{\"@type\":\"SearchAction\",\"target\":{\"@type\":\"EntryPoint\",\"urlTemplate\":\"https:\/\/thebrandcompany.garmentify.com\/fr\/?s={search_term_string}\"},\"query-input\":{\"@type\":\"PropertyValueSpecification\",\"valueRequired\":true,\"valueName\":\"search_term_string\"}}],\"inLanguage\":\"fr-FR\"}]}<\/script>\n<!-- \/ Yoast SEO plugin. -->","yoast_head_json":{"title":"Vegan, Bouteille d'eau origine v\u00e9g\u00e9tale personnalis\u00e9e 50cl - The Brand Company","robots":{"index":"noindex","follow":"follow","max-snippet":"max-snippet:-1","max-image-preview":"max-image-preview:large","max-video-preview":"max-video-preview:-1"},"og_locale":"fr_FR","og_type":"article","og_title":"Vegan, Bouteille d'eau origine v\u00e9g\u00e9tale personnalis\u00e9e 50cl - The Brand Company","og_description":"Bouteille d\u2019eau v\u00e9gane 100 % v\u00e9g\u00e9tale de 50 cl, fabriqu\u00e9e \u00e0 partir de biod\u00e9chets. Biod\u00e9gradable et compostable. Personnalis\u00e9e avec une \u00e9tiquette en papier imprim\u00e9e en quadrichromie, id\u00e9ale pour \u00e9v\u00e9nements et promotions.","og_url":"https:\/\/thebrandcompany.garmentify.com\/fr\/producto\/vegan-bouteille-deau-origine-vegetale-personnalisee-50cl\/","og_site_name":"The Brand Company","article_modified_time":"2025-07-15T14:27:24+00:00","og_image":[{"width":1093,"height":1236,"url":"https:\/\/thebrandcompany.garmentify.com\/wp-content\/uploads\/2025\/06\/64728-TBC195-Vegan-Botella-de-agua-origen-vegetal-personalizada-50cl.png","type":"image\/png"}],"twitter_card":"summary_large_image","twitter_misc":{"Dur\u00e9e de lecture estim\u00e9e":"1 minute"},"schema":{"@context":"https:\/\/schema.org","@graph":[{"@type":"WebPage","@id":"https:\/\/thebrandcompany.garmentify.com\/fr\/producto\/vegan-bouteille-deau-origine-vegetale-personnalisee-50cl\/","url":"https:\/\/thebrandcompany.garmentify.com\/fr\/producto\/vegan-bouteille-deau-origine-vegetale-personnalisee-50cl\/","name":"Vegan, Bouteille d'eau origine v\u00e9g\u00e9tale personnalis\u00e9e 50cl - The Brand Company","isPartOf":{"@id":"https:\/\/thebrandcompany.garmentify.com\/fr\/#website"},"primaryImageOfPage":{"@id":"https:\/\/thebrandcompany.garmentify.com\/fr\/producto\/vegan-bouteille-deau-origine-vegetale-personnalisee-50cl\/#primaryimage"},"image":{"@id":"https:\/\/thebrandcompany.garmentify.com\/fr\/producto\/vegan-bouteille-deau-origine-vegetale-personnalisee-50cl\/#primaryimage"},"thumbnailUrl":"https:\/\/thebrandcompany.garmentify.com\/wp-content\/uploads\/2025\/06\/64728-TBC195-Vegan-Botella-de-agua-origen-vegetal-personalizada-50cl.png","datePublished":"2025-06-04T09:26:33+00:00","dateModified":"2025-07-15T14:27:24+00:00","breadcrumb":{"@id":"https:\/\/thebrandcompany.garmentify.com\/fr\/producto\/vegan-bouteille-deau-origine-vegetale-personnalisee-50cl\/#breadcrumb"},"inLanguage":"fr-FR","potentialAction":[{"@type":"ReadAction","target":["https:\/\/thebrandcompany.garmentify.com\/fr\/producto\/vegan-bouteille-deau-origine-vegetale-personnalisee-50cl\/"]}]},{"@type":"ImageObject","inLanguage":"fr-FR","@id":"https:\/\/thebrandcompany.garmentify.com\/fr\/producto\/vegan-bouteille-deau-origine-vegetale-personnalisee-50cl\/#primaryimage","url":"https:\/\/thebrandcompany.garmentify.com\/wp-content\/uploads\/2025\/06\/64728-TBC195-Vegan-Botella-de-agua-origen-vegetal-personalizada-50cl.png","contentUrl":"https:\/\/thebrandcompany.garmentify.com\/wp-content\/uploads\/2025\/06\/64728-TBC195-Vegan-Botella-de-agua-origen-vegetal-personalizada-50cl.png","width":1093,"height":1236},{"@type":"BreadcrumbList","@id":"https:\/\/thebrandcompany.garmentify.com\/fr\/producto\/vegan-bouteille-deau-origine-vegetale-personnalisee-50cl\/#breadcrumb","itemListElement":[{"@type":"ListItem","position":1,"name":"Portada","item":"https:\/\/thebrandcompany.garmentify.com\/fr\/"},{"@type":"ListItem","position":2,"name":"Boutique","item":"https:\/\/thebrandcompany.garmentify.com\/tienda\/"},{"@type":"ListItem","position":3,"name":"Vegan, Bouteille d&#8217;eau origine v\u00e9g\u00e9tale personnalis\u00e9e 50cl"}]},{"@type":"WebSite","@id":"https:\/\/thebrandcompany.garmentify.com\/fr\/#website","url":"https:\/\/thebrandcompany.garmentify.com\/fr\/","name":"The Brand Company","description":"","potentialAction":[{"@type":"SearchAction","target":{"@type":"EntryPoint","urlTemplate":"https:\/\/thebrandcompany.garmentify.com\/fr\/?s={search_term_string}"},"query-input":{"@type":"PropertyValueSpecification","valueRequired":true,"valueName":"search_term_string"}}],"inLanguage":"fr-FR"}]}},"_links":{"self":[{"href":"https:\/\/thebrandcompany.garmentify.com\/fr\/wp-json\/wp\/v2\/product\/83285","targetHints":{"allow":["GET"]}}],"collection":[{"href":"https:\/\/thebrandcompany.garmentify.com\/fr\/wp-json\/wp\/v2\/product"}],"about":[{"href":"https:\/\/thebrandcompany.garmentify.com\/fr\/wp-json\/wp\/v2\/types\/product"}],"replies":[{"embeddable":true,"href":"https:\/\/thebrandcompany.garmentify.com\/fr\/wp-json\/wp\/v2\/comments?post=83285"}],"wp:featuredmedia":[{"embeddable":true,"href":"https:\/\/thebrandcompany.garmentify.com\/fr\/wp-json\/wp\/v2\/media\/83477"}],"wp:attachment":[{"href":"https:\/\/thebrandcompany.garmentify.com\/fr\/wp-json\/wp\/v2\/media?parent=83285"}],"wp:term":[{"taxonomy":"product_brand","embeddable":true,"href":"https:\/\/thebrandcompany.garmentify.com\/fr\/wp-json\/wp\/v2\/product_brand?post=83285"},{"taxonomy":"product_cat","embeddable":true,"href":"https:\/\/thebrandcompany.garmentify.com\/fr\/wp-json\/wp\/v2\/product_cat?post=83285"},{"taxonomy":"product_tag","embeddable":true,"href":"https:\/\/thebrandcompany.garmentify.com\/fr\/wp-json\/wp\/v2\/product_tag?post=83285"}],"curies":[{"name":"wp","href":"https:\/\/api.w.org\/{rel}","templated":true}]}}