{"id":82006,"date":"2025-05-28T16:30:32","date_gmt":"2025-05-28T14:30:32","guid":{"rendered":"https:\/\/thebrandcompany.garmentify.com\/producto\/couvercle-ecologique-en-bagasse-pour-gobelet-en-carton\/"},"modified":"2025-06-04T14:50:55","modified_gmt":"2025-06-04T12:50:55","slug":"couvercle-ecologique-en-bagasse-pour-gobelet-en-carton","status":"publish","type":"product","link":"https:\/\/thebrandcompany.garmentify.com\/fr\/producto\/couvercle-ecologique-en-bagasse-pour-gobelet-en-carton\/","title":{"rendered":"Couvercle \u00e9cologique en bagasse pour gobelet en carton"},"content":{"rendered":"<p><strong>Couvercle \u00e9cologique en bagasse pour gobelets de 8oz, 12oz ou 16oz : S\u00e9curit\u00e9 et style pour vos boissons<\/strong><\/p>\n<p>Le couvercle \u00e9cologique en bagasse est une option innovante et respectueuse de l&rsquo;environnement pour prot\u00e9ger vos boissons tout en r\u00e9duisant votre empreinte \u00e9cologique.<\/p>\n<p>Fonctionnant comme un couvercle sup\u00e9rieur, ces couvercles non seulement prot\u00e8gent les boissons des \u00e9l\u00e9ments ext\u00e9rieurs, mais offrent \u00e9galement une alternative respectueuse de l&rsquo;environnement aux couvercles traditionnels.<\/p>\n<p><strong>Protection efficace<\/strong><\/p>\n<p>Con\u00e7us pour s&rsquo;adapter aux gobelets de 8oz, 12oz ou 16oz, ces couvercles en bagasse prot\u00e8gent efficacement le contenu des contaminants ext\u00e9rieurs, maintenant vos boissons s\u00fbres et propres.<\/p>\n<p><strong>Mat\u00e9riau biod\u00e9gradable et durable<\/strong><\/p>\n<p>Fabriqu\u00e9s \u00e0 partir de bagasse, un mat\u00e9riau v\u00e9g\u00e9tal biod\u00e9gradable, ces couvercles sont id\u00e9aux pour les boissons chaudes jusqu&rsquo;\u00e0 90\u00baC et offrent une utilisation s\u00fbre et respectueuse de l&rsquo;environnement.<\/p>\n<p><strong>Sp\u00e9cifications techniques :<\/strong><\/p>\n<ul>\n<li><strong>Compatibilit\u00e9 :<\/strong> Gobelets de 8oz, 12oz ou 16oz<\/li>\n<li><strong>Mat\u00e9riau :<\/strong> Bagasse (fibre de canne \u00e0 sucre)<\/li>\n<li><strong>Capacit\u00e9 pour boissons chaudes :<\/strong> Jusqu&rsquo;\u00e0 90\u00baC<\/li>\n<\/ul>\n<p>Notre gamme de couvercles de gobelets comprend diff\u00e9rents mat\u00e9riaux tels que la bagasse, le plastique standard, le PLA biod\u00e9gradable ou le papier pour des tailles de 100 ml \u00e0 500 ml, en blanc ou en noir. Ce produit n&rsquo;est pas personnalis\u00e9. Contactez-nous si vous ne trouvez pas ce que vous cherchez ou si vous avez besoin d&rsquo;une livraison urgente.<\/p>\n","protected":false},"excerpt":{"rendered":"<p>Couvercle blanc en bagasse biod\u00e9gradable pour gobelets carton avec boissons chaudes. Non personnalisable. Pour les gobelets d&rsquo;un diam\u00e8tre de 8 et 9 cm<\/p>\n","protected":false},"featured_media":82028,"comment_status":"open","ping_status":"closed","template":"","meta":{"_acf_changed":false},"product_brand":[],"product_cat":[8250,8238,12114],"product_tag":[],"class_list":{"0":"post-82006","1":"product","2":"type-product","3":"status-publish","4":"has-post-thumbnail","6":"product_cat-accessoires-couvercles-ecologiques-pour-gobelets","7":"product_cat-accessoires-couvercles-pour-gobelets-a-usage-unique","8":"product_cat-couvercles-pour-gobelets-a-usage-unique","9":"pa_capacidad-medida-220-ml-8oz-fr","10":"pa_capacidad-medida-300-ml-12-oz-fr","11":"pa_color-del-producto-couleur-blanc-fr","12":"pa_colores-personalizacion-pas-de-marquage-fr","13":"pa_material-del-producto-bagasse-biodegradable","14":"pa_tipo-de-personalizacion-non-personnalis-fr","16":"first","17":"instock","18":"taxable","19":"shipping-taxable","20":"purchasable","21":"product-type-variable","22":"wvs-archive-product-wrapper"},"acf":[],"yoast_head":"<!-- This site is optimized with the Yoast SEO plugin v27.2 - https:\/\/yoast.com\/product\/yoast-seo-wordpress\/ -->\n<title>Couvercle \u00e9cologique en bagasse pour gobelet en carton - The Brand Company<\/title>\n<meta name=\"robots\" content=\"noindex, follow, max-snippet:-1, max-image-preview:large, max-video-preview:-1\" \/>\n<meta property=\"og:locale\" content=\"fr_FR\" \/>\n<meta property=\"og:type\" content=\"article\" \/>\n<meta property=\"og:title\" content=\"Couvercle \u00e9cologique en bagasse pour gobelet en carton - The Brand Company\" \/>\n<meta property=\"og:description\" content=\"Couvercle blanc en bagasse biod\u00e9gradable pour gobelets carton avec boissons chaudes. Non personnalisable. Pour les gobelets d&#039;un diam\u00e8tre de 8 et 9 cm\" \/>\n<meta property=\"og:url\" content=\"https:\/\/thebrandcompany.garmentify.com\/fr\/producto\/couvercle-ecologique-en-bagasse-pour-gobelet-en-carton\/\" \/>\n<meta property=\"og:site_name\" content=\"The Brand Company\" \/>\n<meta property=\"article:modified_time\" content=\"2025-06-04T12:50:55+00:00\" \/>\n<meta property=\"og:image\" content=\"https:\/\/thebrandcompany.garmentify.com\/wp-content\/uploads\/2025\/05\/13716-TBC760-Tapa-de-bagazo-ecol-gica-para-vasos-de-cart-n-1.jpg\" \/>\n\t<meta property=\"og:image:width\" content=\"1920\" \/>\n\t<meta property=\"og:image:height\" content=\"1881\" \/>\n\t<meta property=\"og:image:type\" content=\"image\/jpeg\" \/>\n<meta name=\"twitter:card\" content=\"summary_large_image\" \/>\n<meta name=\"twitter:label1\" content=\"Dur\u00e9e de lecture estim\u00e9e\" \/>\n\t<meta name=\"twitter:data1\" content=\"1 minute\" \/>\n<script type=\"application\/ld+json\" class=\"yoast-schema-graph\">{\"@context\":\"https:\/\/schema.org\",\"@graph\":[{\"@type\":\"WebPage\",\"@id\":\"https:\/\/thebrandcompany.garmentify.com\/fr\/producto\/couvercle-ecologique-en-bagasse-pour-gobelet-en-carton\/\",\"url\":\"https:\/\/thebrandcompany.garmentify.com\/fr\/producto\/couvercle-ecologique-en-bagasse-pour-gobelet-en-carton\/\",\"name\":\"Couvercle \u00e9cologique en bagasse pour gobelet en carton - The Brand Company\",\"isPartOf\":{\"@id\":\"https:\/\/thebrandcompany.garmentify.com\/fr\/#website\"},\"primaryImageOfPage\":{\"@id\":\"https:\/\/thebrandcompany.garmentify.com\/fr\/producto\/couvercle-ecologique-en-bagasse-pour-gobelet-en-carton\/#primaryimage\"},\"image\":{\"@id\":\"https:\/\/thebrandcompany.garmentify.com\/fr\/producto\/couvercle-ecologique-en-bagasse-pour-gobelet-en-carton\/#primaryimage\"},\"thumbnailUrl\":\"https:\/\/thebrandcompany.garmentify.com\/wp-content\/uploads\/2025\/05\/13716-TBC760-Tapa-de-bagazo-ecol-gica-para-vasos-de-cart-n-1.jpg\",\"datePublished\":\"2025-05-28T14:30:32+00:00\",\"dateModified\":\"2025-06-04T12:50:55+00:00\",\"breadcrumb\":{\"@id\":\"https:\/\/thebrandcompany.garmentify.com\/fr\/producto\/couvercle-ecologique-en-bagasse-pour-gobelet-en-carton\/#breadcrumb\"},\"inLanguage\":\"fr-FR\",\"potentialAction\":[{\"@type\":\"ReadAction\",\"target\":[\"https:\/\/thebrandcompany.garmentify.com\/fr\/producto\/couvercle-ecologique-en-bagasse-pour-gobelet-en-carton\/\"]}]},{\"@type\":\"ImageObject\",\"inLanguage\":\"fr-FR\",\"@id\":\"https:\/\/thebrandcompany.garmentify.com\/fr\/producto\/couvercle-ecologique-en-bagasse-pour-gobelet-en-carton\/#primaryimage\",\"url\":\"https:\/\/thebrandcompany.garmentify.com\/wp-content\/uploads\/2025\/05\/13716-TBC760-Tapa-de-bagazo-ecol-gica-para-vasos-de-cart-n-1.jpg\",\"contentUrl\":\"https:\/\/thebrandcompany.garmentify.com\/wp-content\/uploads\/2025\/05\/13716-TBC760-Tapa-de-bagazo-ecol-gica-para-vasos-de-cart-n-1.jpg\",\"width\":1920,\"height\":1881},{\"@type\":\"BreadcrumbList\",\"@id\":\"https:\/\/thebrandcompany.garmentify.com\/fr\/producto\/couvercle-ecologique-en-bagasse-pour-gobelet-en-carton\/#breadcrumb\",\"itemListElement\":[{\"@type\":\"ListItem\",\"position\":1,\"name\":\"Portada\",\"item\":\"https:\/\/thebrandcompany.garmentify.com\/fr\/\"},{\"@type\":\"ListItem\",\"position\":2,\"name\":\"Boutique\",\"item\":\"https:\/\/thebrandcompany.garmentify.com\/tienda\/\"},{\"@type\":\"ListItem\",\"position\":3,\"name\":\"Couvercle \u00e9cologique en bagasse pour gobelet en carton\"}]},{\"@type\":\"WebSite\",\"@id\":\"https:\/\/thebrandcompany.garmentify.com\/fr\/#website\",\"url\":\"https:\/\/thebrandcompany.garmentify.com\/fr\/\",\"name\":\"The Brand Company\",\"description\":\"\",\"potentialAction\":[{\"@type\":\"SearchAction\",\"target\":{\"@type\":\"EntryPoint\",\"urlTemplate\":\"https:\/\/thebrandcompany.garmentify.com\/fr\/?s={search_term_string}\"},\"query-input\":{\"@type\":\"PropertyValueSpecification\",\"valueRequired\":true,\"valueName\":\"search_term_string\"}}],\"inLanguage\":\"fr-FR\"}]}<\/script>\n<!-- \/ Yoast SEO plugin. -->","yoast_head_json":{"title":"Couvercle \u00e9cologique en bagasse pour gobelet en carton - The Brand Company","robots":{"index":"noindex","follow":"follow","max-snippet":"max-snippet:-1","max-image-preview":"max-image-preview:large","max-video-preview":"max-video-preview:-1"},"og_locale":"fr_FR","og_type":"article","og_title":"Couvercle \u00e9cologique en bagasse pour gobelet en carton - The Brand Company","og_description":"Couvercle blanc en bagasse biod\u00e9gradable pour gobelets carton avec boissons chaudes. Non personnalisable. Pour les gobelets d'un diam\u00e8tre de 8 et 9 cm","og_url":"https:\/\/thebrandcompany.garmentify.com\/fr\/producto\/couvercle-ecologique-en-bagasse-pour-gobelet-en-carton\/","og_site_name":"The Brand Company","article_modified_time":"2025-06-04T12:50:55+00:00","og_image":[{"width":1920,"height":1881,"url":"https:\/\/thebrandcompany.garmentify.com\/wp-content\/uploads\/2025\/05\/13716-TBC760-Tapa-de-bagazo-ecol-gica-para-vasos-de-cart-n-1.jpg","type":"image\/jpeg"}],"twitter_card":"summary_large_image","twitter_misc":{"Dur\u00e9e de lecture estim\u00e9e":"1 minute"},"schema":{"@context":"https:\/\/schema.org","@graph":[{"@type":"WebPage","@id":"https:\/\/thebrandcompany.garmentify.com\/fr\/producto\/couvercle-ecologique-en-bagasse-pour-gobelet-en-carton\/","url":"https:\/\/thebrandcompany.garmentify.com\/fr\/producto\/couvercle-ecologique-en-bagasse-pour-gobelet-en-carton\/","name":"Couvercle \u00e9cologique en bagasse pour gobelet en carton - The Brand Company","isPartOf":{"@id":"https:\/\/thebrandcompany.garmentify.com\/fr\/#website"},"primaryImageOfPage":{"@id":"https:\/\/thebrandcompany.garmentify.com\/fr\/producto\/couvercle-ecologique-en-bagasse-pour-gobelet-en-carton\/#primaryimage"},"image":{"@id":"https:\/\/thebrandcompany.garmentify.com\/fr\/producto\/couvercle-ecologique-en-bagasse-pour-gobelet-en-carton\/#primaryimage"},"thumbnailUrl":"https:\/\/thebrandcompany.garmentify.com\/wp-content\/uploads\/2025\/05\/13716-TBC760-Tapa-de-bagazo-ecol-gica-para-vasos-de-cart-n-1.jpg","datePublished":"2025-05-28T14:30:32+00:00","dateModified":"2025-06-04T12:50:55+00:00","breadcrumb":{"@id":"https:\/\/thebrandcompany.garmentify.com\/fr\/producto\/couvercle-ecologique-en-bagasse-pour-gobelet-en-carton\/#breadcrumb"},"inLanguage":"fr-FR","potentialAction":[{"@type":"ReadAction","target":["https:\/\/thebrandcompany.garmentify.com\/fr\/producto\/couvercle-ecologique-en-bagasse-pour-gobelet-en-carton\/"]}]},{"@type":"ImageObject","inLanguage":"fr-FR","@id":"https:\/\/thebrandcompany.garmentify.com\/fr\/producto\/couvercle-ecologique-en-bagasse-pour-gobelet-en-carton\/#primaryimage","url":"https:\/\/thebrandcompany.garmentify.com\/wp-content\/uploads\/2025\/05\/13716-TBC760-Tapa-de-bagazo-ecol-gica-para-vasos-de-cart-n-1.jpg","contentUrl":"https:\/\/thebrandcompany.garmentify.com\/wp-content\/uploads\/2025\/05\/13716-TBC760-Tapa-de-bagazo-ecol-gica-para-vasos-de-cart-n-1.jpg","width":1920,"height":1881},{"@type":"BreadcrumbList","@id":"https:\/\/thebrandcompany.garmentify.com\/fr\/producto\/couvercle-ecologique-en-bagasse-pour-gobelet-en-carton\/#breadcrumb","itemListElement":[{"@type":"ListItem","position":1,"name":"Portada","item":"https:\/\/thebrandcompany.garmentify.com\/fr\/"},{"@type":"ListItem","position":2,"name":"Boutique","item":"https:\/\/thebrandcompany.garmentify.com\/tienda\/"},{"@type":"ListItem","position":3,"name":"Couvercle \u00e9cologique en bagasse pour gobelet en carton"}]},{"@type":"WebSite","@id":"https:\/\/thebrandcompany.garmentify.com\/fr\/#website","url":"https:\/\/thebrandcompany.garmentify.com\/fr\/","name":"The Brand Company","description":"","potentialAction":[{"@type":"SearchAction","target":{"@type":"EntryPoint","urlTemplate":"https:\/\/thebrandcompany.garmentify.com\/fr\/?s={search_term_string}"},"query-input":{"@type":"PropertyValueSpecification","valueRequired":true,"valueName":"search_term_string"}}],"inLanguage":"fr-FR"}]}},"_links":{"self":[{"href":"https:\/\/thebrandcompany.garmentify.com\/fr\/wp-json\/wp\/v2\/product\/82006","targetHints":{"allow":["GET"]}}],"collection":[{"href":"https:\/\/thebrandcompany.garmentify.com\/fr\/wp-json\/wp\/v2\/product"}],"about":[{"href":"https:\/\/thebrandcompany.garmentify.com\/fr\/wp-json\/wp\/v2\/types\/product"}],"replies":[{"embeddable":true,"href":"https:\/\/thebrandcompany.garmentify.com\/fr\/wp-json\/wp\/v2\/comments?post=82006"}],"wp:featuredmedia":[{"embeddable":true,"href":"https:\/\/thebrandcompany.garmentify.com\/fr\/wp-json\/wp\/v2\/media\/82028"}],"wp:attachment":[{"href":"https:\/\/thebrandcompany.garmentify.com\/fr\/wp-json\/wp\/v2\/media?parent=82006"}],"wp:term":[{"taxonomy":"product_brand","embeddable":true,"href":"https:\/\/thebrandcompany.garmentify.com\/fr\/wp-json\/wp\/v2\/product_brand?post=82006"},{"taxonomy":"product_cat","embeddable":true,"href":"https:\/\/thebrandcompany.garmentify.com\/fr\/wp-json\/wp\/v2\/product_cat?post=82006"},{"taxonomy":"product_tag","embeddable":true,"href":"https:\/\/thebrandcompany.garmentify.com\/fr\/wp-json\/wp\/v2\/product_tag?post=82006"}],"curies":[{"name":"wp","href":"https:\/\/api.w.org\/{rel}","templated":true}]}}