{"id":66520,"date":"2025-05-28T08:21:25","date_gmt":"2025-05-28T06:21:25","guid":{"rendered":"https:\/\/thebrandcompany.garmentify.com\/producto\/sac-en-jute-avec-soufflet-et-poche-exterieure-tati\/"},"modified":"2025-06-04T13:59:29","modified_gmt":"2025-06-04T11:59:29","slug":"sac-en-jute-avec-soufflet-et-poche-exterieure-tati","status":"publish","type":"product","link":"https:\/\/thebrandcompany.garmentify.com\/fr\/producto\/sac-en-jute-avec-soufflet-et-poche-exterieure-tati\/","title":{"rendered":"Sac en jute avec soufflet et poche ext\u00e9rieure TATI."},"content":{"rendered":"<p>    <title>Le Sac TATI &#8211; The Brand Company<\/title><\/p>\n<h2>Le Sac TATI<\/h2>\n<p>Le sac TATI est une option \u00e9l\u00e9gante et pratique pour ceux qui recherchent une solution durable pour transporter leurs affaires. Fabriqu\u00e9 en jute, un mat\u00e9riau naturel et r\u00e9sistant, ce sac n&rsquo;est pas seulement durable, mais aussi respectueux de l&rsquo;environnement.<\/p>\n<h3>Design Fonctionnel<\/h3>\n<p>Le sac TATI se distingue par son design fonctionnel, incluant un soufflet qui augmente sa capacit\u00e9 et une poche ext\u00e9rieure pour un acc\u00e8s facile et rapide \u00e0 vos objets les plus n\u00e9cessaires. Cette combinaison de caract\u00e9ristiques le rend id\u00e9al pour une utilisation quotidienne, les achats, ou m\u00eame comme une option \u00e9cologique pour porter vos courses.<\/p>\n<h3>Personnalisation par Impression Directe<\/h3>\n<p>The Brand Company offre la possibilit\u00e9 de personnaliser chaque sac TATI par impression directe, permettant aux entreprises et aux particuliers d&rsquo;ajouter leur logo, message ou design en une couleur. Cela en fait un excellent outil marketing pour les \u00e9v\u00e9nements, les foires ou comme cadeau d&rsquo;entreprise durable.<\/p>\n<h3>Personnalisation en 1 Couleur<\/h3>\n<p>La personnalisation est disponible en une seule couleur, permettant au design choisi de se d\u00e9marquer sur le fond naturel du jute, tout en maintenant l&rsquo;esth\u00e9tique organique et minimaliste du sac.<\/p>\n<h3>Options Suppl\u00e9mentaires et Service Personnalis\u00e9<\/h3>\n<p>Outre les options de personnalisation standard, The Brand Company offre des services suppl\u00e9mentaires pour ceux qui recherchent une solution plus sur mesure. Si vous avez une id\u00e9e sp\u00e9cifique ou avez besoin de conseils sur le design, notre \u00e9quipe d&rsquo;experts est pr\u00eate \u00e0 vous aider \u00e0 cr\u00e9er le sac TATI parfait pour vos besoins.<\/p>\n<p>Avec le TATI, vous ne choisissez pas seulement une option pratique et belle, mais vous contribuez \u00e9galement \u00e0 un avenir plus vert.<\/p>\n","protected":false},"excerpt":{"rendered":"<p>Sac TATI en jute avec poche frontale en coton et soufflet. Avec poign\u00e9es longues et renforc\u00e9es en coton blanc. 48x35x15cm<\/p>\n","protected":false},"featured_media":71552,"comment_status":"open","ping_status":"closed","template":"","meta":{"_acf_changed":false},"product_brand":[],"product_cat":[8446],"product_tag":[],"class_list":{"0":"post-66520","1":"product","2":"type-product","3":"status-publish","4":"has-post-thumbnail","6":"product_cat-sacs-en-jute","7":"pa_capacidad-medida-48x15x35-cm-fr","8":"pa_color-del-producto-couleur-marron-fr","9":"pa_colores-personalizacion-1-couleur-fr","10":"pa_colores-personalizacion-pas-de-marquage-fr","11":"pa_material-del-producto-jute-fr","12":"pa_tipo-de-personalizacion-impression-directe-fr","13":"pa_tipo-de-personalizacion-non-personnalis-fr","15":"first","16":"instock","17":"taxable","18":"shipping-taxable","19":"purchasable","20":"product-type-variable","21":"wvs-archive-product-wrapper"},"acf":[],"yoast_head":"<!-- This site is optimized with the Yoast SEO plugin v27.2 - https:\/\/yoast.com\/product\/yoast-seo-wordpress\/ -->\n<title>Sac en jute avec soufflet et poche ext\u00e9rieure TATI. - The Brand Company<\/title>\n<meta name=\"robots\" content=\"noindex, follow, max-snippet:-1, max-image-preview:large, max-video-preview:-1\" \/>\n<meta property=\"og:locale\" content=\"fr_FR\" \/>\n<meta property=\"og:type\" content=\"article\" \/>\n<meta property=\"og:title\" content=\"Sac en jute avec soufflet et poche ext\u00e9rieure TATI. - The Brand Company\" \/>\n<meta property=\"og:description\" content=\"Sac TATI en jute avec poche frontale en coton et soufflet. Avec poign\u00e9es longues et renforc\u00e9es en coton blanc. 48x35x15cm\" \/>\n<meta property=\"og:url\" content=\"https:\/\/thebrandcompany.garmentify.com\/fr\/producto\/sac-en-jute-avec-soufflet-et-poche-exterieure-tati\/\" \/>\n<meta property=\"og:site_name\" content=\"The Brand Company\" \/>\n<meta property=\"article:modified_time\" content=\"2025-06-04T11:59:29+00:00\" \/>\n<meta property=\"og:image\" content=\"https:\/\/thebrandcompany.garmentify.com\/wp-content\/uploads\/2025\/05\/29348-TBC1033-Bolsa-de-yute-con-fuelle-y-bolsillo-exterior-TATI-1-1.jpg\" \/>\n\t<meta property=\"og:image:width\" content=\"1920\" \/>\n\t<meta property=\"og:image:height\" content=\"1770\" \/>\n\t<meta property=\"og:image:type\" content=\"image\/jpeg\" \/>\n<meta name=\"twitter:card\" content=\"summary_large_image\" \/>\n<meta name=\"twitter:label1\" content=\"Dur\u00e9e de lecture estim\u00e9e\" \/>\n\t<meta name=\"twitter:data1\" content=\"1 minute\" \/>\n<script type=\"application\/ld+json\" class=\"yoast-schema-graph\">{\"@context\":\"https:\/\/schema.org\",\"@graph\":[{\"@type\":\"WebPage\",\"@id\":\"https:\/\/thebrandcompany.garmentify.com\/fr\/producto\/sac-en-jute-avec-soufflet-et-poche-exterieure-tati\/\",\"url\":\"https:\/\/thebrandcompany.garmentify.com\/fr\/producto\/sac-en-jute-avec-soufflet-et-poche-exterieure-tati\/\",\"name\":\"Sac en jute avec soufflet et poche ext\u00e9rieure TATI. - The Brand Company\",\"isPartOf\":{\"@id\":\"https:\/\/thebrandcompany.garmentify.com\/fr\/#website\"},\"primaryImageOfPage\":{\"@id\":\"https:\/\/thebrandcompany.garmentify.com\/fr\/producto\/sac-en-jute-avec-soufflet-et-poche-exterieure-tati\/#primaryimage\"},\"image\":{\"@id\":\"https:\/\/thebrandcompany.garmentify.com\/fr\/producto\/sac-en-jute-avec-soufflet-et-poche-exterieure-tati\/#primaryimage\"},\"thumbnailUrl\":\"https:\/\/thebrandcompany.garmentify.com\/wp-content\/uploads\/2025\/05\/29348-TBC1033-Bolsa-de-yute-con-fuelle-y-bolsillo-exterior-TATI-1-1.jpg\",\"datePublished\":\"2025-05-28T06:21:25+00:00\",\"dateModified\":\"2025-06-04T11:59:29+00:00\",\"breadcrumb\":{\"@id\":\"https:\/\/thebrandcompany.garmentify.com\/fr\/producto\/sac-en-jute-avec-soufflet-et-poche-exterieure-tati\/#breadcrumb\"},\"inLanguage\":\"fr-FR\",\"potentialAction\":[{\"@type\":\"ReadAction\",\"target\":[\"https:\/\/thebrandcompany.garmentify.com\/fr\/producto\/sac-en-jute-avec-soufflet-et-poche-exterieure-tati\/\"]}]},{\"@type\":\"ImageObject\",\"inLanguage\":\"fr-FR\",\"@id\":\"https:\/\/thebrandcompany.garmentify.com\/fr\/producto\/sac-en-jute-avec-soufflet-et-poche-exterieure-tati\/#primaryimage\",\"url\":\"https:\/\/thebrandcompany.garmentify.com\/wp-content\/uploads\/2025\/05\/29348-TBC1033-Bolsa-de-yute-con-fuelle-y-bolsillo-exterior-TATI-1-1.jpg\",\"contentUrl\":\"https:\/\/thebrandcompany.garmentify.com\/wp-content\/uploads\/2025\/05\/29348-TBC1033-Bolsa-de-yute-con-fuelle-y-bolsillo-exterior-TATI-1-1.jpg\",\"width\":1920,\"height\":1770},{\"@type\":\"BreadcrumbList\",\"@id\":\"https:\/\/thebrandcompany.garmentify.com\/fr\/producto\/sac-en-jute-avec-soufflet-et-poche-exterieure-tati\/#breadcrumb\",\"itemListElement\":[{\"@type\":\"ListItem\",\"position\":1,\"name\":\"Portada\",\"item\":\"https:\/\/thebrandcompany.garmentify.com\/fr\/\"},{\"@type\":\"ListItem\",\"position\":2,\"name\":\"Boutique\",\"item\":\"https:\/\/thebrandcompany.garmentify.com\/tienda\/\"},{\"@type\":\"ListItem\",\"position\":3,\"name\":\"Sac en jute avec soufflet et poche ext\u00e9rieure TATI.\"}]},{\"@type\":\"WebSite\",\"@id\":\"https:\/\/thebrandcompany.garmentify.com\/fr\/#website\",\"url\":\"https:\/\/thebrandcompany.garmentify.com\/fr\/\",\"name\":\"The Brand Company\",\"description\":\"\",\"potentialAction\":[{\"@type\":\"SearchAction\",\"target\":{\"@type\":\"EntryPoint\",\"urlTemplate\":\"https:\/\/thebrandcompany.garmentify.com\/fr\/?s={search_term_string}\"},\"query-input\":{\"@type\":\"PropertyValueSpecification\",\"valueRequired\":true,\"valueName\":\"search_term_string\"}}],\"inLanguage\":\"fr-FR\"}]}<\/script>\n<!-- \/ Yoast SEO plugin. -->","yoast_head_json":{"title":"Sac en jute avec soufflet et poche ext\u00e9rieure TATI. - The Brand Company","robots":{"index":"noindex","follow":"follow","max-snippet":"max-snippet:-1","max-image-preview":"max-image-preview:large","max-video-preview":"max-video-preview:-1"},"og_locale":"fr_FR","og_type":"article","og_title":"Sac en jute avec soufflet et poche ext\u00e9rieure TATI. - The Brand Company","og_description":"Sac TATI en jute avec poche frontale en coton et soufflet. Avec poign\u00e9es longues et renforc\u00e9es en coton blanc. 48x35x15cm","og_url":"https:\/\/thebrandcompany.garmentify.com\/fr\/producto\/sac-en-jute-avec-soufflet-et-poche-exterieure-tati\/","og_site_name":"The Brand Company","article_modified_time":"2025-06-04T11:59:29+00:00","og_image":[{"width":1920,"height":1770,"url":"https:\/\/thebrandcompany.garmentify.com\/wp-content\/uploads\/2025\/05\/29348-TBC1033-Bolsa-de-yute-con-fuelle-y-bolsillo-exterior-TATI-1-1.jpg","type":"image\/jpeg"}],"twitter_card":"summary_large_image","twitter_misc":{"Dur\u00e9e de lecture estim\u00e9e":"1 minute"},"schema":{"@context":"https:\/\/schema.org","@graph":[{"@type":"WebPage","@id":"https:\/\/thebrandcompany.garmentify.com\/fr\/producto\/sac-en-jute-avec-soufflet-et-poche-exterieure-tati\/","url":"https:\/\/thebrandcompany.garmentify.com\/fr\/producto\/sac-en-jute-avec-soufflet-et-poche-exterieure-tati\/","name":"Sac en jute avec soufflet et poche ext\u00e9rieure TATI. - The Brand Company","isPartOf":{"@id":"https:\/\/thebrandcompany.garmentify.com\/fr\/#website"},"primaryImageOfPage":{"@id":"https:\/\/thebrandcompany.garmentify.com\/fr\/producto\/sac-en-jute-avec-soufflet-et-poche-exterieure-tati\/#primaryimage"},"image":{"@id":"https:\/\/thebrandcompany.garmentify.com\/fr\/producto\/sac-en-jute-avec-soufflet-et-poche-exterieure-tati\/#primaryimage"},"thumbnailUrl":"https:\/\/thebrandcompany.garmentify.com\/wp-content\/uploads\/2025\/05\/29348-TBC1033-Bolsa-de-yute-con-fuelle-y-bolsillo-exterior-TATI-1-1.jpg","datePublished":"2025-05-28T06:21:25+00:00","dateModified":"2025-06-04T11:59:29+00:00","breadcrumb":{"@id":"https:\/\/thebrandcompany.garmentify.com\/fr\/producto\/sac-en-jute-avec-soufflet-et-poche-exterieure-tati\/#breadcrumb"},"inLanguage":"fr-FR","potentialAction":[{"@type":"ReadAction","target":["https:\/\/thebrandcompany.garmentify.com\/fr\/producto\/sac-en-jute-avec-soufflet-et-poche-exterieure-tati\/"]}]},{"@type":"ImageObject","inLanguage":"fr-FR","@id":"https:\/\/thebrandcompany.garmentify.com\/fr\/producto\/sac-en-jute-avec-soufflet-et-poche-exterieure-tati\/#primaryimage","url":"https:\/\/thebrandcompany.garmentify.com\/wp-content\/uploads\/2025\/05\/29348-TBC1033-Bolsa-de-yute-con-fuelle-y-bolsillo-exterior-TATI-1-1.jpg","contentUrl":"https:\/\/thebrandcompany.garmentify.com\/wp-content\/uploads\/2025\/05\/29348-TBC1033-Bolsa-de-yute-con-fuelle-y-bolsillo-exterior-TATI-1-1.jpg","width":1920,"height":1770},{"@type":"BreadcrumbList","@id":"https:\/\/thebrandcompany.garmentify.com\/fr\/producto\/sac-en-jute-avec-soufflet-et-poche-exterieure-tati\/#breadcrumb","itemListElement":[{"@type":"ListItem","position":1,"name":"Portada","item":"https:\/\/thebrandcompany.garmentify.com\/fr\/"},{"@type":"ListItem","position":2,"name":"Boutique","item":"https:\/\/thebrandcompany.garmentify.com\/tienda\/"},{"@type":"ListItem","position":3,"name":"Sac en jute avec soufflet et poche ext\u00e9rieure TATI."}]},{"@type":"WebSite","@id":"https:\/\/thebrandcompany.garmentify.com\/fr\/#website","url":"https:\/\/thebrandcompany.garmentify.com\/fr\/","name":"The Brand Company","description":"","potentialAction":[{"@type":"SearchAction","target":{"@type":"EntryPoint","urlTemplate":"https:\/\/thebrandcompany.garmentify.com\/fr\/?s={search_term_string}"},"query-input":{"@type":"PropertyValueSpecification","valueRequired":true,"valueName":"search_term_string"}}],"inLanguage":"fr-FR"}]}},"_links":{"self":[{"href":"https:\/\/thebrandcompany.garmentify.com\/fr\/wp-json\/wp\/v2\/product\/66520","targetHints":{"allow":["GET"]}}],"collection":[{"href":"https:\/\/thebrandcompany.garmentify.com\/fr\/wp-json\/wp\/v2\/product"}],"about":[{"href":"https:\/\/thebrandcompany.garmentify.com\/fr\/wp-json\/wp\/v2\/types\/product"}],"replies":[{"embeddable":true,"href":"https:\/\/thebrandcompany.garmentify.com\/fr\/wp-json\/wp\/v2\/comments?post=66520"}],"wp:featuredmedia":[{"embeddable":true,"href":"https:\/\/thebrandcompany.garmentify.com\/fr\/wp-json\/wp\/v2\/media\/71552"}],"wp:attachment":[{"href":"https:\/\/thebrandcompany.garmentify.com\/fr\/wp-json\/wp\/v2\/media?parent=66520"}],"wp:term":[{"taxonomy":"product_brand","embeddable":true,"href":"https:\/\/thebrandcompany.garmentify.com\/fr\/wp-json\/wp\/v2\/product_brand?post=66520"},{"taxonomy":"product_cat","embeddable":true,"href":"https:\/\/thebrandcompany.garmentify.com\/fr\/wp-json\/wp\/v2\/product_cat?post=66520"},{"taxonomy":"product_tag","embeddable":true,"href":"https:\/\/thebrandcompany.garmentify.com\/fr\/wp-json\/wp\/v2\/product_tag?post=66520"}],"curies":[{"name":"wp","href":"https:\/\/api.w.org\/{rel}","templated":true}]}}