{"id":81892,"date":"2025-05-28T15:33:32","date_gmt":"2025-05-28T13:33:32","guid":{"rendered":"https:\/\/thebrandcompany.garmentify.com\/producto\/oekologischer-supereco-deckel-fuer-pappbecher\/"},"modified":"2025-06-04T14:51:51","modified_gmt":"2025-06-04T12:51:51","slug":"oekologischer-supereco-deckel-fuer-pappbecher","status":"publish","type":"product","link":"https:\/\/thebrandcompany.garmentify.com\/de\/producto\/oekologischer-supereco-deckel-fuer-pappbecher\/","title":{"rendered":"\u00d6kologischer Supereco-Deckel f\u00fcr Pappbecher"},"content":{"rendered":"<p><strong>Umweltfreundlicher Supereco-Deckel f\u00fcr 8oz, 12oz oder 16oz Becher: Schutz und Nachhaltigkeit f\u00fcr Ihre Getr\u00e4nke<\/strong><\/p>\n<p>Der umweltfreundliche Supereco-Deckel ist eine verantwortungsvolle und \u00e4u\u00dferst praktische Wahl, um Ihre Getr\u00e4nke w\u00e4hrend Veranstaltungen und besonderen Anl\u00e4ssen zu sch\u00fctzen.<\/p>\n<p>Aus Papier hergestellt, bietet dieser Deckel einen effektiven Schutz f\u00fcr Einwegbecher und tr\u00e4gt zur Reduzierung von Abfall und Nachhaltigkeit bei.<\/p>\n<p><strong>Zuverl\u00e4ssiger Schutz<\/strong><\/p>\n<p>Entwickelt, um perfekt auf 8oz, 12oz oder 16oz Becher zu passen, bietet dieser Deckel eine effektive Barriere gegen \u00e4u\u00dfere Verunreinigungen und h\u00e4lt Ihre Getr\u00e4nke sicher und sauber.<\/p>\n<p><strong>Nachhaltiges Papiermaterial<\/strong><\/p>\n<p>Der Deckel besteht aus Papier und ist eine umweltfreundliche Wahl f\u00fcr Unternehmen und Gesch\u00e4fte, die ihren \u00f6kologischen Fu\u00dfabdruck reduzieren m\u00f6chten, ohne dabei auf Qualit\u00e4t oder Funktionalit\u00e4t zu verzichten.<\/p>\n<p><strong>Personalisierung<\/strong><\/p>\n<p>Der Supereco-Deckel kann in einer spezifischen Farbe personalisiert werden, um sich Ihrem Eventstil oder Ihrer Marke anzupassen. Er ist auch ohne Personalisierung erh\u00e4ltlich.<\/p>\n<p><strong>Technische Spezifikationen:<\/strong><\/p>\n<ul>\n<li><strong>Kompatibilit\u00e4t:<\/strong> 8oz, 12oz oder 16oz Becher<\/li>\n<li><strong>Material:<\/strong> Papier<\/li>\n<li><strong>Schutz:<\/strong> Effektiv f\u00fcr hei\u00dfe Getr\u00e4nke<\/li>\n<\/ul>\n<p>Unsere Palette an Becherdeckeln umfasst verschiedene Materialien wie Bagasse<\/p>\n","protected":false},"excerpt":{"rendered":"<p>Wei\u00dfer \u00f6kologischer Kartondeckel f\u00fcr Einwegbecher. Angepasst an eine Farbe oder einen Standard. F\u00fcr Becher mit einem Durchmesser von 8 cm und 9 cm.<\/p>\n","protected":false},"featured_media":81926,"comment_status":"open","ping_status":"closed","template":"","meta":{"_acf_changed":false},"product_brand":[],"product_cat":[12113,8239],"product_tag":[],"class_list":{"0":"post-81892","1":"product","2":"type-product","3":"status-publish","4":"has-post-thumbnail","6":"product_cat-deckel-fur-einwegbecher","7":"product_cat-zubehoer-deckel-fuer-einwegbecher","8":"pa_capacidad-medida-220-ml-8oz-de","9":"pa_capacidad-medida-300-ml-12-oz-de","10":"pa_color-del-producto-weie-farbe-de","11":"pa_colores-personalizacion-1-farbdruck-de","12":"pa_colores-personalizacion-nicht-personalisiert-de","13":"pa_material-del-producto-papier-de","14":"pa_tipo-de-personalizacion-direktdruck-de","15":"pa_tipo-de-personalizacion-nicht-personalisiert-de","17":"first","18":"instock","19":"taxable","20":"shipping-taxable","21":"purchasable","22":"product-type-variable","23":"wvs-archive-product-wrapper"},"acf":[],"yoast_head":"<!-- This site is optimized with the Yoast SEO plugin v27.2 - https:\/\/yoast.com\/product\/yoast-seo-wordpress\/ -->\n<title>\u00d6kologischer Supereco-Deckel f\u00fcr Pappbecher - The Brand Company<\/title>\n<meta name=\"robots\" content=\"noindex, follow, max-snippet:-1, max-image-preview:large, max-video-preview:-1\" \/>\n<meta property=\"og:locale\" content=\"de_DE\" \/>\n<meta property=\"og:type\" content=\"article\" \/>\n<meta property=\"og:title\" content=\"\u00d6kologischer Supereco-Deckel f\u00fcr Pappbecher - The Brand Company\" \/>\n<meta property=\"og:description\" content=\"Wei\u00dfer \u00f6kologischer Kartondeckel f\u00fcr Einwegbecher. Angepasst an eine Farbe oder einen Standard. F\u00fcr Becher mit einem Durchmesser von 8 cm und 9 cm.\" \/>\n<meta property=\"og:url\" content=\"https:\/\/thebrandcompany.garmentify.com\/de\/producto\/oekologischer-supereco-deckel-fuer-pappbecher\/\" \/>\n<meta property=\"og:site_name\" content=\"The Brand Company\" \/>\n<meta property=\"article:modified_time\" content=\"2025-06-04T12:51:51+00:00\" \/>\n<meta property=\"og:image\" content=\"https:\/\/thebrandcompany.garmentify.com\/wp-content\/uploads\/2025\/05\/13717-TBC761-Tapa-ecol-gica-Supereco-para-vasos-de-cart-n-1.jpg\" \/>\n\t<meta property=\"og:image:width\" content=\"1920\" \/>\n\t<meta property=\"og:image:height\" content=\"1330\" \/>\n\t<meta property=\"og:image:type\" content=\"image\/jpeg\" \/>\n<meta name=\"twitter:card\" content=\"summary_large_image\" \/>\n<meta name=\"twitter:label1\" content=\"Gesch\u00e4tzte Lesezeit\" \/>\n\t<meta name=\"twitter:data1\" content=\"1\u00a0Minute\" \/>\n<script type=\"application\/ld+json\" class=\"yoast-schema-graph\">{\"@context\":\"https:\/\/schema.org\",\"@graph\":[{\"@type\":\"WebPage\",\"@id\":\"https:\/\/thebrandcompany.garmentify.com\/de\/producto\/oekologischer-supereco-deckel-fuer-pappbecher\/\",\"url\":\"https:\/\/thebrandcompany.garmentify.com\/de\/producto\/oekologischer-supereco-deckel-fuer-pappbecher\/\",\"name\":\"\u00d6kologischer Supereco-Deckel f\u00fcr Pappbecher - The Brand Company\",\"isPartOf\":{\"@id\":\"https:\/\/thebrandcompany.garmentify.com\/de\/#website\"},\"primaryImageOfPage\":{\"@id\":\"https:\/\/thebrandcompany.garmentify.com\/de\/producto\/oekologischer-supereco-deckel-fuer-pappbecher\/#primaryimage\"},\"image\":{\"@id\":\"https:\/\/thebrandcompany.garmentify.com\/de\/producto\/oekologischer-supereco-deckel-fuer-pappbecher\/#primaryimage\"},\"thumbnailUrl\":\"https:\/\/thebrandcompany.garmentify.com\/wp-content\/uploads\/2025\/05\/13717-TBC761-Tapa-ecol-gica-Supereco-para-vasos-de-cart-n-1.jpg\",\"datePublished\":\"2025-05-28T13:33:32+00:00\",\"dateModified\":\"2025-06-04T12:51:51+00:00\",\"breadcrumb\":{\"@id\":\"https:\/\/thebrandcompany.garmentify.com\/de\/producto\/oekologischer-supereco-deckel-fuer-pappbecher\/#breadcrumb\"},\"inLanguage\":\"de\",\"potentialAction\":[{\"@type\":\"ReadAction\",\"target\":[\"https:\/\/thebrandcompany.garmentify.com\/de\/producto\/oekologischer-supereco-deckel-fuer-pappbecher\/\"]}]},{\"@type\":\"ImageObject\",\"inLanguage\":\"de\",\"@id\":\"https:\/\/thebrandcompany.garmentify.com\/de\/producto\/oekologischer-supereco-deckel-fuer-pappbecher\/#primaryimage\",\"url\":\"https:\/\/thebrandcompany.garmentify.com\/wp-content\/uploads\/2025\/05\/13717-TBC761-Tapa-ecol-gica-Supereco-para-vasos-de-cart-n-1.jpg\",\"contentUrl\":\"https:\/\/thebrandcompany.garmentify.com\/wp-content\/uploads\/2025\/05\/13717-TBC761-Tapa-ecol-gica-Supereco-para-vasos-de-cart-n-1.jpg\",\"width\":1920,\"height\":1330},{\"@type\":\"BreadcrumbList\",\"@id\":\"https:\/\/thebrandcompany.garmentify.com\/de\/producto\/oekologischer-supereco-deckel-fuer-pappbecher\/#breadcrumb\",\"itemListElement\":[{\"@type\":\"ListItem\",\"position\":1,\"name\":\"Portada\",\"item\":\"https:\/\/thebrandcompany.garmentify.com\/de\/\"},{\"@type\":\"ListItem\",\"position\":2,\"name\":\"Shop\",\"item\":\"https:\/\/thebrandcompany.garmentify.com\/tienda\/\"},{\"@type\":\"ListItem\",\"position\":3,\"name\":\"\u00d6kologischer Supereco-Deckel f\u00fcr Pappbecher\"}]},{\"@type\":\"WebSite\",\"@id\":\"https:\/\/thebrandcompany.garmentify.com\/de\/#website\",\"url\":\"https:\/\/thebrandcompany.garmentify.com\/de\/\",\"name\":\"The Brand Company\",\"description\":\"\",\"potentialAction\":[{\"@type\":\"SearchAction\",\"target\":{\"@type\":\"EntryPoint\",\"urlTemplate\":\"https:\/\/thebrandcompany.garmentify.com\/de\/?s={search_term_string}\"},\"query-input\":{\"@type\":\"PropertyValueSpecification\",\"valueRequired\":true,\"valueName\":\"search_term_string\"}}],\"inLanguage\":\"de\"}]}<\/script>\n<!-- \/ Yoast SEO plugin. -->","yoast_head_json":{"title":"\u00d6kologischer Supereco-Deckel f\u00fcr Pappbecher - The Brand Company","robots":{"index":"noindex","follow":"follow","max-snippet":"max-snippet:-1","max-image-preview":"max-image-preview:large","max-video-preview":"max-video-preview:-1"},"og_locale":"de_DE","og_type":"article","og_title":"\u00d6kologischer Supereco-Deckel f\u00fcr Pappbecher - The Brand Company","og_description":"Wei\u00dfer \u00f6kologischer Kartondeckel f\u00fcr Einwegbecher. Angepasst an eine Farbe oder einen Standard. F\u00fcr Becher mit einem Durchmesser von 8 cm und 9 cm.","og_url":"https:\/\/thebrandcompany.garmentify.com\/de\/producto\/oekologischer-supereco-deckel-fuer-pappbecher\/","og_site_name":"The Brand Company","article_modified_time":"2025-06-04T12:51:51+00:00","og_image":[{"width":1920,"height":1330,"url":"https:\/\/thebrandcompany.garmentify.com\/wp-content\/uploads\/2025\/05\/13717-TBC761-Tapa-ecol-gica-Supereco-para-vasos-de-cart-n-1.jpg","type":"image\/jpeg"}],"twitter_card":"summary_large_image","twitter_misc":{"Gesch\u00e4tzte Lesezeit":"1\u00a0Minute"},"schema":{"@context":"https:\/\/schema.org","@graph":[{"@type":"WebPage","@id":"https:\/\/thebrandcompany.garmentify.com\/de\/producto\/oekologischer-supereco-deckel-fuer-pappbecher\/","url":"https:\/\/thebrandcompany.garmentify.com\/de\/producto\/oekologischer-supereco-deckel-fuer-pappbecher\/","name":"\u00d6kologischer Supereco-Deckel f\u00fcr Pappbecher - The Brand Company","isPartOf":{"@id":"https:\/\/thebrandcompany.garmentify.com\/de\/#website"},"primaryImageOfPage":{"@id":"https:\/\/thebrandcompany.garmentify.com\/de\/producto\/oekologischer-supereco-deckel-fuer-pappbecher\/#primaryimage"},"image":{"@id":"https:\/\/thebrandcompany.garmentify.com\/de\/producto\/oekologischer-supereco-deckel-fuer-pappbecher\/#primaryimage"},"thumbnailUrl":"https:\/\/thebrandcompany.garmentify.com\/wp-content\/uploads\/2025\/05\/13717-TBC761-Tapa-ecol-gica-Supereco-para-vasos-de-cart-n-1.jpg","datePublished":"2025-05-28T13:33:32+00:00","dateModified":"2025-06-04T12:51:51+00:00","breadcrumb":{"@id":"https:\/\/thebrandcompany.garmentify.com\/de\/producto\/oekologischer-supereco-deckel-fuer-pappbecher\/#breadcrumb"},"inLanguage":"de","potentialAction":[{"@type":"ReadAction","target":["https:\/\/thebrandcompany.garmentify.com\/de\/producto\/oekologischer-supereco-deckel-fuer-pappbecher\/"]}]},{"@type":"ImageObject","inLanguage":"de","@id":"https:\/\/thebrandcompany.garmentify.com\/de\/producto\/oekologischer-supereco-deckel-fuer-pappbecher\/#primaryimage","url":"https:\/\/thebrandcompany.garmentify.com\/wp-content\/uploads\/2025\/05\/13717-TBC761-Tapa-ecol-gica-Supereco-para-vasos-de-cart-n-1.jpg","contentUrl":"https:\/\/thebrandcompany.garmentify.com\/wp-content\/uploads\/2025\/05\/13717-TBC761-Tapa-ecol-gica-Supereco-para-vasos-de-cart-n-1.jpg","width":1920,"height":1330},{"@type":"BreadcrumbList","@id":"https:\/\/thebrandcompany.garmentify.com\/de\/producto\/oekologischer-supereco-deckel-fuer-pappbecher\/#breadcrumb","itemListElement":[{"@type":"ListItem","position":1,"name":"Portada","item":"https:\/\/thebrandcompany.garmentify.com\/de\/"},{"@type":"ListItem","position":2,"name":"Shop","item":"https:\/\/thebrandcompany.garmentify.com\/tienda\/"},{"@type":"ListItem","position":3,"name":"\u00d6kologischer Supereco-Deckel f\u00fcr Pappbecher"}]},{"@type":"WebSite","@id":"https:\/\/thebrandcompany.garmentify.com\/de\/#website","url":"https:\/\/thebrandcompany.garmentify.com\/de\/","name":"The Brand Company","description":"","potentialAction":[{"@type":"SearchAction","target":{"@type":"EntryPoint","urlTemplate":"https:\/\/thebrandcompany.garmentify.com\/de\/?s={search_term_string}"},"query-input":{"@type":"PropertyValueSpecification","valueRequired":true,"valueName":"search_term_string"}}],"inLanguage":"de"}]}},"_links":{"self":[{"href":"https:\/\/thebrandcompany.garmentify.com\/de\/wp-json\/wp\/v2\/product\/81892","targetHints":{"allow":["GET"]}}],"collection":[{"href":"https:\/\/thebrandcompany.garmentify.com\/de\/wp-json\/wp\/v2\/product"}],"about":[{"href":"https:\/\/thebrandcompany.garmentify.com\/de\/wp-json\/wp\/v2\/types\/product"}],"replies":[{"embeddable":true,"href":"https:\/\/thebrandcompany.garmentify.com\/de\/wp-json\/wp\/v2\/comments?post=81892"}],"wp:featuredmedia":[{"embeddable":true,"href":"https:\/\/thebrandcompany.garmentify.com\/de\/wp-json\/wp\/v2\/media\/81926"}],"wp:attachment":[{"href":"https:\/\/thebrandcompany.garmentify.com\/de\/wp-json\/wp\/v2\/media?parent=81892"}],"wp:term":[{"taxonomy":"product_brand","embeddable":true,"href":"https:\/\/thebrandcompany.garmentify.com\/de\/wp-json\/wp\/v2\/product_brand?post=81892"},{"taxonomy":"product_cat","embeddable":true,"href":"https:\/\/thebrandcompany.garmentify.com\/de\/wp-json\/wp\/v2\/product_cat?post=81892"},{"taxonomy":"product_tag","embeddable":true,"href":"https:\/\/thebrandcompany.garmentify.com\/de\/wp-json\/wp\/v2\/product_tag?post=81892"}],"curies":[{"name":"wp","href":"https:\/\/api.w.org\/{rel}","templated":true}]}}