{"id":66934,"date":"2025-05-28T08:29:57","date_gmt":"2025-05-28T06:29:57","guid":{"rendered":"https:\/\/thebrandcompany.garmentify.com\/producto\/glasflasche-mit-bambusdeckel-420-ml-zen-small\/"},"modified":"2025-07-15T16:18:00","modified_gmt":"2025-07-15T14:18:00","slug":"glasflasche-mit-bambusdeckel-420-ml-zen-small","status":"publish","type":"product","link":"https:\/\/thebrandcompany.garmentify.com\/de\/producto\/glasflasche-mit-bambusdeckel-420-ml-zen-small\/","title":{"rendered":"Glasflasche mit Bambusdeckel 420 ml ZEN SMALL."},"content":{"rendered":"<p>    <title>Glasflasche und Bambusdeckel ZEN SMALL 420 ml<\/title><\/p>\n<h1>Glasflasche und Bambusdeckel ZEN SMALL 420 ml<\/h1>\n<p>Die Glasflasche und der Bambusdeckel ZEN SMALL 420 ml sind eine elegante L\u00f6sung, um den ganzen Tag \u00fcber hydriert zu bleiben. Diese Flasche vereint Design und Funktionalit\u00e4t mit einem Fokus auf Nachhaltigkeit.<\/p>\n<p>Die ZEN SMALL Flasche zeichnet sich durch ein minimalistisches und praktisches Design aus, mit einem Fassungsverm\u00f6gen von 420 ml, perfekt f\u00fcr den t\u00e4glichen Wasserkonsum. Hergestellt aus transparentem Glas erm\u00f6glicht sie die Visualisierung des Inhalts, w\u00e4hrend der Bambusdeckel nicht nur eine nat\u00fcrliche \u00e4sthetische Note hinzuf\u00fcgt, sondern auch einen sicheren Verschluss gew\u00e4hrleistet.<\/p>\n<h2>Art der Anpassung mit Laserdruck, Handwaschdruck, vitrifizierter Siebdruck und Nicht angepasst<\/h2>\n<p>The Brand Company bietet verschiedene Anpassungsoptionen f\u00fcr diese Flasche, darunter Laserdruck f\u00fcr pr\u00e4zise und langlebige Oberfl\u00e4chen, Handwaschdruck, der die Designqualit\u00e4t erh\u00e4lt, und vitrifizierter Siebdruck f\u00fcr ein brillantes und best\u00e4ndiges Ergebnis. F\u00fcr diejenigen, die ein einfacheres Design bevorzugen, ist es auch ohne Anpassung erh\u00e4ltlich.<\/p>\n<h2>Anpassungsfarben in 1 Farbe, Gravur und Ohne Markierung<\/h2>\n<p>Die Anpassung kann in einer einzigen Farbe erfolgen, indem man sich f\u00fcr eine Gravur f\u00fcr einen diskreteren Stil entscheidet oder ohne Markierung f\u00fcr diejenigen, die die Einfachheit des Originaldesigns bevorzugen.<\/p>\n<h2>Zus\u00e4tzliche Optionen und Pers\u00f6nliche Betreuung<\/h2>\n<p>Neben Anpassungsoptionen bietet The Brand Company zus\u00e4tzliche Dienstleistungen an, um sicherzustellen, dass das Endprodukt die Erwartungen jedes Kunden erf\u00fcllt. Dies umfasst Designberatung, individuelle Verpackungsoptionen und logistische L\u00f6sungen f\u00fcr Lieferung und Verteilung.<\/p>\n<p>Dieses Produkt ist nicht nur eine ausgezeichnete Wahl f\u00fcr einen gesunden und nachhaltigen Lebensstil, sondern bietet auch eine einzigartige M\u00f6glichkeit, Ihre Marke oder Pers\u00f6nlichkeit anzupassen und auszudr\u00fccken.<\/p>\n","protected":false},"excerpt":{"rendered":"<p>420ml Glas-Nachf\u00fcllflasche ZEN SMALL 42 &#8211; 6,3x19cm. Bambusgriff und -deckel. Personalisiert mit einfarbigem Direktdruck oder Laserdruck.<\/p>\n","protected":false},"featured_media":74055,"comment_status":"open","ping_status":"closed","template":"","meta":{"_acf_changed":false},"product_brand":[],"product_cat":[8379,8371],"product_tag":[],"class_list":{"0":"post-66934","1":"product","2":"type-product","3":"status-publish","4":"has-post-thumbnail","6":"product_cat-glasflaschen-mit-holz-kork-oder-bambus","7":"product_cat-weithalsige-glasflaschen","8":"pa_capacidad-medida-400-ml-de","9":"pa_color-del-producto-transparente-farbe-de","10":"pa_color-del-tapon-o-tapa-holz-bambus-oder-korkverschlu-de","11":"pa_colores-personalizacion-1-farbdruck-de","12":"pa_colores-personalizacion-gravur-de","13":"pa_colores-personalizacion-nicht-personalisiert-de","14":"pa_material-del-producto-glas-de","15":"pa_tipo-de-personalizacion-handwsche-druck-de","16":"pa_tipo-de-personalizacion-laser-de","17":"pa_tipo-de-personalizacion-nicht-personalisiert-de","18":"pa_tipo-de-personalizacion-vitrifizierter-siebdruck-de","20":"first","21":"instock","22":"taxable","23":"shipping-taxable","24":"purchasable","25":"product-type-variable","26":"wvs-archive-product-wrapper"},"acf":[],"yoast_head":"<!-- This site is optimized with the Yoast SEO plugin v27.2 - https:\/\/yoast.com\/product\/yoast-seo-wordpress\/ -->\n<title>Glasflasche mit Bambusdeckel 420 ml ZEN SMALL. - The Brand Company<\/title>\n<meta name=\"robots\" content=\"noindex, follow, max-snippet:-1, max-image-preview:large, max-video-preview:-1\" \/>\n<meta property=\"og:locale\" content=\"de_DE\" \/>\n<meta property=\"og:type\" content=\"article\" \/>\n<meta property=\"og:title\" content=\"Glasflasche mit Bambusdeckel 420 ml ZEN SMALL. - The Brand Company\" \/>\n<meta property=\"og:description\" content=\"420ml Glas-Nachf\u00fcllflasche ZEN SMALL 42 - 6,3x19cm. Bambusgriff und -deckel. Personalisiert mit einfarbigem Direktdruck oder Laserdruck.\" \/>\n<meta property=\"og:url\" content=\"https:\/\/thebrandcompany.garmentify.com\/de\/producto\/glasflasche-mit-bambusdeckel-420-ml-zen-small\/\" \/>\n<meta property=\"og:site_name\" content=\"The Brand Company\" \/>\n<meta property=\"article:modified_time\" content=\"2025-07-15T14:18:00+00:00\" \/>\n<meta property=\"og:image\" content=\"https:\/\/thebrandcompany.garmentify.com\/wp-content\/uploads\/2025\/05\/13845-TBC836-Botella-de-cristal-y-tap-n-de-bamb-ZEN-SMALL-de-420-ml-1-3.jpg\" \/>\n\t<meta property=\"og:image:width\" content=\"1000\" \/>\n\t<meta property=\"og:image:height\" content=\"1000\" \/>\n\t<meta property=\"og:image:type\" content=\"image\/jpeg\" \/>\n<meta name=\"twitter:card\" content=\"summary_large_image\" \/>\n<meta name=\"twitter:label1\" content=\"Gesch\u00e4tzte Lesezeit\" \/>\n\t<meta name=\"twitter:data1\" content=\"1\u00a0Minute\" \/>\n<script type=\"application\/ld+json\" class=\"yoast-schema-graph\">{\"@context\":\"https:\/\/schema.org\",\"@graph\":[{\"@type\":\"WebPage\",\"@id\":\"https:\/\/thebrandcompany.garmentify.com\/de\/producto\/glasflasche-mit-bambusdeckel-420-ml-zen-small\/\",\"url\":\"https:\/\/thebrandcompany.garmentify.com\/de\/producto\/glasflasche-mit-bambusdeckel-420-ml-zen-small\/\",\"name\":\"Glasflasche mit Bambusdeckel 420 ml ZEN SMALL. - The Brand Company\",\"isPartOf\":{\"@id\":\"https:\/\/thebrandcompany.garmentify.com\/de\/#website\"},\"primaryImageOfPage\":{\"@id\":\"https:\/\/thebrandcompany.garmentify.com\/de\/producto\/glasflasche-mit-bambusdeckel-420-ml-zen-small\/#primaryimage\"},\"image\":{\"@id\":\"https:\/\/thebrandcompany.garmentify.com\/de\/producto\/glasflasche-mit-bambusdeckel-420-ml-zen-small\/#primaryimage\"},\"thumbnailUrl\":\"https:\/\/thebrandcompany.garmentify.com\/wp-content\/uploads\/2025\/05\/13845-TBC836-Botella-de-cristal-y-tap-n-de-bamb-ZEN-SMALL-de-420-ml-1-3.jpg\",\"datePublished\":\"2025-05-28T06:29:57+00:00\",\"dateModified\":\"2025-07-15T14:18:00+00:00\",\"breadcrumb\":{\"@id\":\"https:\/\/thebrandcompany.garmentify.com\/de\/producto\/glasflasche-mit-bambusdeckel-420-ml-zen-small\/#breadcrumb\"},\"inLanguage\":\"de\",\"potentialAction\":[{\"@type\":\"ReadAction\",\"target\":[\"https:\/\/thebrandcompany.garmentify.com\/de\/producto\/glasflasche-mit-bambusdeckel-420-ml-zen-small\/\"]}]},{\"@type\":\"ImageObject\",\"inLanguage\":\"de\",\"@id\":\"https:\/\/thebrandcompany.garmentify.com\/de\/producto\/glasflasche-mit-bambusdeckel-420-ml-zen-small\/#primaryimage\",\"url\":\"https:\/\/thebrandcompany.garmentify.com\/wp-content\/uploads\/2025\/05\/13845-TBC836-Botella-de-cristal-y-tap-n-de-bamb-ZEN-SMALL-de-420-ml-1-3.jpg\",\"contentUrl\":\"https:\/\/thebrandcompany.garmentify.com\/wp-content\/uploads\/2025\/05\/13845-TBC836-Botella-de-cristal-y-tap-n-de-bamb-ZEN-SMALL-de-420-ml-1-3.jpg\",\"width\":1000,\"height\":1000},{\"@type\":\"BreadcrumbList\",\"@id\":\"https:\/\/thebrandcompany.garmentify.com\/de\/producto\/glasflasche-mit-bambusdeckel-420-ml-zen-small\/#breadcrumb\",\"itemListElement\":[{\"@type\":\"ListItem\",\"position\":1,\"name\":\"Portada\",\"item\":\"https:\/\/thebrandcompany.garmentify.com\/de\/\"},{\"@type\":\"ListItem\",\"position\":2,\"name\":\"Shop\",\"item\":\"https:\/\/thebrandcompany.garmentify.com\/tienda\/\"},{\"@type\":\"ListItem\",\"position\":3,\"name\":\"Glasflasche mit Bambusdeckel 420 ml ZEN SMALL.\"}]},{\"@type\":\"WebSite\",\"@id\":\"https:\/\/thebrandcompany.garmentify.com\/de\/#website\",\"url\":\"https:\/\/thebrandcompany.garmentify.com\/de\/\",\"name\":\"The Brand Company\",\"description\":\"\",\"potentialAction\":[{\"@type\":\"SearchAction\",\"target\":{\"@type\":\"EntryPoint\",\"urlTemplate\":\"https:\/\/thebrandcompany.garmentify.com\/de\/?s={search_term_string}\"},\"query-input\":{\"@type\":\"PropertyValueSpecification\",\"valueRequired\":true,\"valueName\":\"search_term_string\"}}],\"inLanguage\":\"de\"}]}<\/script>\n<!-- \/ Yoast SEO plugin. -->","yoast_head_json":{"title":"Glasflasche mit Bambusdeckel 420 ml ZEN SMALL. - The Brand Company","robots":{"index":"noindex","follow":"follow","max-snippet":"max-snippet:-1","max-image-preview":"max-image-preview:large","max-video-preview":"max-video-preview:-1"},"og_locale":"de_DE","og_type":"article","og_title":"Glasflasche mit Bambusdeckel 420 ml ZEN SMALL. - The Brand Company","og_description":"420ml Glas-Nachf\u00fcllflasche ZEN SMALL 42 - 6,3x19cm. Bambusgriff und -deckel. Personalisiert mit einfarbigem Direktdruck oder Laserdruck.","og_url":"https:\/\/thebrandcompany.garmentify.com\/de\/producto\/glasflasche-mit-bambusdeckel-420-ml-zen-small\/","og_site_name":"The Brand Company","article_modified_time":"2025-07-15T14:18:00+00:00","og_image":[{"width":1000,"height":1000,"url":"https:\/\/thebrandcompany.garmentify.com\/wp-content\/uploads\/2025\/05\/13845-TBC836-Botella-de-cristal-y-tap-n-de-bamb-ZEN-SMALL-de-420-ml-1-3.jpg","type":"image\/jpeg"}],"twitter_card":"summary_large_image","twitter_misc":{"Gesch\u00e4tzte Lesezeit":"1\u00a0Minute"},"schema":{"@context":"https:\/\/schema.org","@graph":[{"@type":"WebPage","@id":"https:\/\/thebrandcompany.garmentify.com\/de\/producto\/glasflasche-mit-bambusdeckel-420-ml-zen-small\/","url":"https:\/\/thebrandcompany.garmentify.com\/de\/producto\/glasflasche-mit-bambusdeckel-420-ml-zen-small\/","name":"Glasflasche mit Bambusdeckel 420 ml ZEN SMALL. - The Brand Company","isPartOf":{"@id":"https:\/\/thebrandcompany.garmentify.com\/de\/#website"},"primaryImageOfPage":{"@id":"https:\/\/thebrandcompany.garmentify.com\/de\/producto\/glasflasche-mit-bambusdeckel-420-ml-zen-small\/#primaryimage"},"image":{"@id":"https:\/\/thebrandcompany.garmentify.com\/de\/producto\/glasflasche-mit-bambusdeckel-420-ml-zen-small\/#primaryimage"},"thumbnailUrl":"https:\/\/thebrandcompany.garmentify.com\/wp-content\/uploads\/2025\/05\/13845-TBC836-Botella-de-cristal-y-tap-n-de-bamb-ZEN-SMALL-de-420-ml-1-3.jpg","datePublished":"2025-05-28T06:29:57+00:00","dateModified":"2025-07-15T14:18:00+00:00","breadcrumb":{"@id":"https:\/\/thebrandcompany.garmentify.com\/de\/producto\/glasflasche-mit-bambusdeckel-420-ml-zen-small\/#breadcrumb"},"inLanguage":"de","potentialAction":[{"@type":"ReadAction","target":["https:\/\/thebrandcompany.garmentify.com\/de\/producto\/glasflasche-mit-bambusdeckel-420-ml-zen-small\/"]}]},{"@type":"ImageObject","inLanguage":"de","@id":"https:\/\/thebrandcompany.garmentify.com\/de\/producto\/glasflasche-mit-bambusdeckel-420-ml-zen-small\/#primaryimage","url":"https:\/\/thebrandcompany.garmentify.com\/wp-content\/uploads\/2025\/05\/13845-TBC836-Botella-de-cristal-y-tap-n-de-bamb-ZEN-SMALL-de-420-ml-1-3.jpg","contentUrl":"https:\/\/thebrandcompany.garmentify.com\/wp-content\/uploads\/2025\/05\/13845-TBC836-Botella-de-cristal-y-tap-n-de-bamb-ZEN-SMALL-de-420-ml-1-3.jpg","width":1000,"height":1000},{"@type":"BreadcrumbList","@id":"https:\/\/thebrandcompany.garmentify.com\/de\/producto\/glasflasche-mit-bambusdeckel-420-ml-zen-small\/#breadcrumb","itemListElement":[{"@type":"ListItem","position":1,"name":"Portada","item":"https:\/\/thebrandcompany.garmentify.com\/de\/"},{"@type":"ListItem","position":2,"name":"Shop","item":"https:\/\/thebrandcompany.garmentify.com\/tienda\/"},{"@type":"ListItem","position":3,"name":"Glasflasche mit Bambusdeckel 420 ml ZEN SMALL."}]},{"@type":"WebSite","@id":"https:\/\/thebrandcompany.garmentify.com\/de\/#website","url":"https:\/\/thebrandcompany.garmentify.com\/de\/","name":"The Brand Company","description":"","potentialAction":[{"@type":"SearchAction","target":{"@type":"EntryPoint","urlTemplate":"https:\/\/thebrandcompany.garmentify.com\/de\/?s={search_term_string}"},"query-input":{"@type":"PropertyValueSpecification","valueRequired":true,"valueName":"search_term_string"}}],"inLanguage":"de"}]}},"_links":{"self":[{"href":"https:\/\/thebrandcompany.garmentify.com\/de\/wp-json\/wp\/v2\/product\/66934","targetHints":{"allow":["GET"]}}],"collection":[{"href":"https:\/\/thebrandcompany.garmentify.com\/de\/wp-json\/wp\/v2\/product"}],"about":[{"href":"https:\/\/thebrandcompany.garmentify.com\/de\/wp-json\/wp\/v2\/types\/product"}],"replies":[{"embeddable":true,"href":"https:\/\/thebrandcompany.garmentify.com\/de\/wp-json\/wp\/v2\/comments?post=66934"}],"wp:featuredmedia":[{"embeddable":true,"href":"https:\/\/thebrandcompany.garmentify.com\/de\/wp-json\/wp\/v2\/media\/74055"}],"wp:attachment":[{"href":"https:\/\/thebrandcompany.garmentify.com\/de\/wp-json\/wp\/v2\/media?parent=66934"}],"wp:term":[{"taxonomy":"product_brand","embeddable":true,"href":"https:\/\/thebrandcompany.garmentify.com\/de\/wp-json\/wp\/v2\/product_brand?post=66934"},{"taxonomy":"product_cat","embeddable":true,"href":"https:\/\/thebrandcompany.garmentify.com\/de\/wp-json\/wp\/v2\/product_cat?post=66934"},{"taxonomy":"product_tag","embeddable":true,"href":"https:\/\/thebrandcompany.garmentify.com\/de\/wp-json\/wp\/v2\/product_tag?post=66934"}],"curies":[{"name":"wp","href":"https:\/\/api.w.org\/{rel}","templated":true}]}}