{"id":66916,"date":"2025-05-28T08:29:31","date_gmt":"2025-05-28T06:29:31","guid":{"rendered":"https:\/\/thebrandcompany.garmentify.com\/producto\/1l-transparente-glasflasche-mit-holzverschluss-mae-larga\/"},"modified":"2025-07-15T16:18:05","modified_gmt":"2025-07-15T14:18:05","slug":"1l-transparente-glasflasche-mit-holzverschluss-mae-larga","status":"publish","type":"product","link":"https:\/\/thebrandcompany.garmentify.com\/de\/producto\/1l-transparente-glasflasche-mit-holzverschluss-mae-larga\/","title":{"rendered":"1L transparente Glasflasche mit Holzverschluss MAE LARGA"},"content":{"rendered":"<p>    <title>Produktbeschreibung<\/title><\/p>\n<h2>Glasflasche MAE: Eleganz und Funktionalit\u00e4t in einem Produkt<\/h2>\n<p>Die Glasflasche MAE vereint Stil und Funktionalit\u00e4t perfekt und ist sowohl f\u00fcr den pers\u00f6nlichen als auch gesch\u00e4ftlichen Bedarf bei der Personalisierung von Werbegeschenken geeignet. Mit einem vielseitigen Design und einer hochwertigen Verarbeitung bietet diese Flasche eine elegante und nachhaltige L\u00f6sung f\u00fcr die t\u00e4gliche Fl\u00fcssigkeitszufuhr.<\/p>\n<h3>Hauptmerkmale:<\/h3>\n<ul>\n<li>\n<h3>Vielseitiger Stil:<\/h3>\n<p>Erh\u00e4ltlich in transparenten Versionen und in einer breiten Palette von lebendigen Farben passt sich die Glasflasche MAE jeder Pr\u00e4ferenz oder Markenidentit\u00e4t an.<\/p>\n<\/li>\n<li>\n<h3>Nachhaltige L\u00f6sung:<\/h3>\n<p>Hergestellt aus hochwertigen Materialien bietet diese Flasche eine wiederverwendbare und langlebige Alternative im Vergleich zu Einwegplastikflaschen und f\u00f6rdert einen nachhaltigeren Lebensstil.<\/p>\n<\/li>\n<li>\n<h3>Verschiedene Gr\u00f6\u00dfen und Verschl\u00fcsse:<\/h3>\n<p>Mit Kapazit\u00e4ten von 50cl bis 1 Liter und Optionen f\u00fcr Standard-Schraubverschl\u00fcsse oder Holzverschl\u00fcsse f\u00fcr eine zus\u00e4tzliche Eleganz passt sich die Glasflasche MAE verschiedenen Bed\u00fcrfnissen und Vorlieben an.<\/p>\n<\/li>\n<li>\n<h3>Exklusive Personalisierung:<\/h3>\n<p>Mit einer Vielzahl von Personalisierungstechniken wie Lasergravur, Direktdruck, dauerhafter Glasur und Glasabziehbild erm\u00f6glicht diese Flasche eine detaillierte und langlebige Personalisierung, perfekt f\u00fcr die St\u00e4rkung des Markenimages jedes Unternehmens.<\/p>\n<\/li>\n<li>\n<h3>Verschiedene Stile und Farben:<\/h3>\n<p>Von der schlichten Eleganz des transparenten Glases bis hin zu lebendigen Farben bietet die Glasflasche MAE eine breite Palette von Optionen, um jedem Stil oder Geschmack gerecht zu werden.<\/p>\n<\/li>\n<li>\n<h3>Hervorragender Kundenservice:<\/h3>\n<p>Mit einem Fokus auf pers\u00f6nliche Betreuung und qualitativ hochwertigem Kundenservice garantiert The Brand Company, dass jede Bestellung die Erwartungen des Kunden erf\u00fcllt, von der Designauswahl bis zur endg\u00fcltigen Lieferung.<\/p>\n<\/li>\n<\/ul>\n<p>Zusammenfassend ist die Glasflasche MAE von The Brand Company eine hervorragende Wahl f\u00fcr diejenigen, die eine praktische, elegante und individuell gestaltbare L\u00f6sung f\u00fcr ihre t\u00e4gliche Fl\u00fcssigkeitszufuhr oder als Teil einer Unternehmenswerbestrategie suchen.<\/p>\n","protected":false},"excerpt":{"rendered":"<p>MAE transparente Glasflasche, 1L, mit Holzschraubverschluss. Verschiedene Anpassungen<\/p>\n","protected":false},"featured_media":73958,"comment_status":"open","ping_status":"closed","template":"","meta":{"_acf_changed":false},"product_brand":[],"product_cat":[8395,8383],"product_tag":[],"class_list":{"0":"post-66916","1":"product","2":"type-product","3":"status-publish","4":"has-post-thumbnail","6":"product_cat-bunte-glasflaschen","7":"product_cat-glasflaschen-mit-schraubverschluss","8":"pa_capacidad-medida-1-l-de","9":"pa_color-del-producto-transparente-farbe-de","10":"pa_color-del-tapon-o-tapa-hlzerne-deckel-de","11":"pa_colores-personalizacion-1-farbdruck-de","12":"pa_colores-personalizacion-2-farbdruck-de","13":"pa_colores-personalizacion-gravur-de","14":"pa_colores-personalizacion-nicht-personalisiert-de","15":"pa_material-del-producto-glas-de","16":"pa_tipo-de-personalizacion-dauerhaft-verglasbar-de","17":"pa_tipo-de-personalizacion-direktdruck-de","18":"pa_tipo-de-personalizacion-laser-de","19":"pa_tipo-de-personalizacion-nicht-personalisiert-de","21":"first","22":"instock","23":"taxable","24":"shipping-taxable","25":"purchasable","26":"product-type-variable","27":"wvs-archive-product-wrapper"},"acf":[],"yoast_head":"<!-- This site is optimized with the Yoast SEO plugin v27.2 - https:\/\/yoast.com\/product\/yoast-seo-wordpress\/ -->\n<title>1L transparente Glasflasche mit Holzverschluss MAE LARGA - The Brand Company<\/title>\n<meta name=\"robots\" content=\"noindex, follow, max-snippet:-1, max-image-preview:large, max-video-preview:-1\" \/>\n<meta property=\"og:locale\" content=\"de_DE\" \/>\n<meta property=\"og:type\" content=\"article\" \/>\n<meta property=\"og:title\" content=\"1L transparente Glasflasche mit Holzverschluss MAE LARGA - The Brand Company\" \/>\n<meta property=\"og:description\" content=\"MAE transparente Glasflasche, 1L, mit Holzschraubverschluss. Verschiedene Anpassungen\" \/>\n<meta property=\"og:url\" content=\"https:\/\/thebrandcompany.garmentify.com\/de\/producto\/1l-transparente-glasflasche-mit-holzverschluss-mae-larga\/\" \/>\n<meta property=\"og:site_name\" content=\"The Brand Company\" \/>\n<meta property=\"article:modified_time\" content=\"2025-07-15T14:18:05+00:00\" \/>\n<meta property=\"og:image\" content=\"https:\/\/thebrandcompany.garmentify.com\/wp-content\/uploads\/2025\/05\/63757-TBC847-100M-Botella-de-cristal-transparente-1l-con-tap-n-de-madera-MAE-LARGA-2.jpg\" \/>\n\t<meta property=\"og:image:width\" content=\"1080\" \/>\n\t<meta property=\"og:image:height\" content=\"1080\" \/>\n\t<meta property=\"og:image:type\" content=\"image\/jpeg\" \/>\n<meta name=\"twitter:card\" content=\"summary_large_image\" \/>\n<meta name=\"twitter:label1\" content=\"Gesch\u00e4tzte Lesezeit\" \/>\n\t<meta name=\"twitter:data1\" content=\"1\u00a0Minute\" \/>\n<script type=\"application\/ld+json\" class=\"yoast-schema-graph\">{\"@context\":\"https:\/\/schema.org\",\"@graph\":[{\"@type\":\"WebPage\",\"@id\":\"https:\/\/thebrandcompany.garmentify.com\/de\/producto\/1l-transparente-glasflasche-mit-holzverschluss-mae-larga\/\",\"url\":\"https:\/\/thebrandcompany.garmentify.com\/de\/producto\/1l-transparente-glasflasche-mit-holzverschluss-mae-larga\/\",\"name\":\"1L transparente Glasflasche mit Holzverschluss MAE LARGA - The Brand Company\",\"isPartOf\":{\"@id\":\"https:\/\/thebrandcompany.garmentify.com\/de\/#website\"},\"primaryImageOfPage\":{\"@id\":\"https:\/\/thebrandcompany.garmentify.com\/de\/producto\/1l-transparente-glasflasche-mit-holzverschluss-mae-larga\/#primaryimage\"},\"image\":{\"@id\":\"https:\/\/thebrandcompany.garmentify.com\/de\/producto\/1l-transparente-glasflasche-mit-holzverschluss-mae-larga\/#primaryimage\"},\"thumbnailUrl\":\"https:\/\/thebrandcompany.garmentify.com\/wp-content\/uploads\/2025\/05\/63757-TBC847-100M-Botella-de-cristal-transparente-1l-con-tap-n-de-madera-MAE-LARGA-2.jpg\",\"datePublished\":\"2025-05-28T06:29:31+00:00\",\"dateModified\":\"2025-07-15T14:18:05+00:00\",\"breadcrumb\":{\"@id\":\"https:\/\/thebrandcompany.garmentify.com\/de\/producto\/1l-transparente-glasflasche-mit-holzverschluss-mae-larga\/#breadcrumb\"},\"inLanguage\":\"de\",\"potentialAction\":[{\"@type\":\"ReadAction\",\"target\":[\"https:\/\/thebrandcompany.garmentify.com\/de\/producto\/1l-transparente-glasflasche-mit-holzverschluss-mae-larga\/\"]}]},{\"@type\":\"ImageObject\",\"inLanguage\":\"de\",\"@id\":\"https:\/\/thebrandcompany.garmentify.com\/de\/producto\/1l-transparente-glasflasche-mit-holzverschluss-mae-larga\/#primaryimage\",\"url\":\"https:\/\/thebrandcompany.garmentify.com\/wp-content\/uploads\/2025\/05\/63757-TBC847-100M-Botella-de-cristal-transparente-1l-con-tap-n-de-madera-MAE-LARGA-2.jpg\",\"contentUrl\":\"https:\/\/thebrandcompany.garmentify.com\/wp-content\/uploads\/2025\/05\/63757-TBC847-100M-Botella-de-cristal-transparente-1l-con-tap-n-de-madera-MAE-LARGA-2.jpg\",\"width\":1080,\"height\":1080},{\"@type\":\"BreadcrumbList\",\"@id\":\"https:\/\/thebrandcompany.garmentify.com\/de\/producto\/1l-transparente-glasflasche-mit-holzverschluss-mae-larga\/#breadcrumb\",\"itemListElement\":[{\"@type\":\"ListItem\",\"position\":1,\"name\":\"Portada\",\"item\":\"https:\/\/thebrandcompany.garmentify.com\/de\/\"},{\"@type\":\"ListItem\",\"position\":2,\"name\":\"Shop\",\"item\":\"https:\/\/thebrandcompany.garmentify.com\/tienda\/\"},{\"@type\":\"ListItem\",\"position\":3,\"name\":\"1L transparente Glasflasche mit Holzverschluss MAE LARGA\"}]},{\"@type\":\"WebSite\",\"@id\":\"https:\/\/thebrandcompany.garmentify.com\/de\/#website\",\"url\":\"https:\/\/thebrandcompany.garmentify.com\/de\/\",\"name\":\"The Brand Company\",\"description\":\"\",\"potentialAction\":[{\"@type\":\"SearchAction\",\"target\":{\"@type\":\"EntryPoint\",\"urlTemplate\":\"https:\/\/thebrandcompany.garmentify.com\/de\/?s={search_term_string}\"},\"query-input\":{\"@type\":\"PropertyValueSpecification\",\"valueRequired\":true,\"valueName\":\"search_term_string\"}}],\"inLanguage\":\"de\"}]}<\/script>\n<!-- \/ Yoast SEO plugin. -->","yoast_head_json":{"title":"1L transparente Glasflasche mit Holzverschluss MAE LARGA - The Brand Company","robots":{"index":"noindex","follow":"follow","max-snippet":"max-snippet:-1","max-image-preview":"max-image-preview:large","max-video-preview":"max-video-preview:-1"},"og_locale":"de_DE","og_type":"article","og_title":"1L transparente Glasflasche mit Holzverschluss MAE LARGA - The Brand Company","og_description":"MAE transparente Glasflasche, 1L, mit Holzschraubverschluss. Verschiedene Anpassungen","og_url":"https:\/\/thebrandcompany.garmentify.com\/de\/producto\/1l-transparente-glasflasche-mit-holzverschluss-mae-larga\/","og_site_name":"The Brand Company","article_modified_time":"2025-07-15T14:18:05+00:00","og_image":[{"width":1080,"height":1080,"url":"https:\/\/thebrandcompany.garmentify.com\/wp-content\/uploads\/2025\/05\/63757-TBC847-100M-Botella-de-cristal-transparente-1l-con-tap-n-de-madera-MAE-LARGA-2.jpg","type":"image\/jpeg"}],"twitter_card":"summary_large_image","twitter_misc":{"Gesch\u00e4tzte Lesezeit":"1\u00a0Minute"},"schema":{"@context":"https:\/\/schema.org","@graph":[{"@type":"WebPage","@id":"https:\/\/thebrandcompany.garmentify.com\/de\/producto\/1l-transparente-glasflasche-mit-holzverschluss-mae-larga\/","url":"https:\/\/thebrandcompany.garmentify.com\/de\/producto\/1l-transparente-glasflasche-mit-holzverschluss-mae-larga\/","name":"1L transparente Glasflasche mit Holzverschluss MAE LARGA - The Brand Company","isPartOf":{"@id":"https:\/\/thebrandcompany.garmentify.com\/de\/#website"},"primaryImageOfPage":{"@id":"https:\/\/thebrandcompany.garmentify.com\/de\/producto\/1l-transparente-glasflasche-mit-holzverschluss-mae-larga\/#primaryimage"},"image":{"@id":"https:\/\/thebrandcompany.garmentify.com\/de\/producto\/1l-transparente-glasflasche-mit-holzverschluss-mae-larga\/#primaryimage"},"thumbnailUrl":"https:\/\/thebrandcompany.garmentify.com\/wp-content\/uploads\/2025\/05\/63757-TBC847-100M-Botella-de-cristal-transparente-1l-con-tap-n-de-madera-MAE-LARGA-2.jpg","datePublished":"2025-05-28T06:29:31+00:00","dateModified":"2025-07-15T14:18:05+00:00","breadcrumb":{"@id":"https:\/\/thebrandcompany.garmentify.com\/de\/producto\/1l-transparente-glasflasche-mit-holzverschluss-mae-larga\/#breadcrumb"},"inLanguage":"de","potentialAction":[{"@type":"ReadAction","target":["https:\/\/thebrandcompany.garmentify.com\/de\/producto\/1l-transparente-glasflasche-mit-holzverschluss-mae-larga\/"]}]},{"@type":"ImageObject","inLanguage":"de","@id":"https:\/\/thebrandcompany.garmentify.com\/de\/producto\/1l-transparente-glasflasche-mit-holzverschluss-mae-larga\/#primaryimage","url":"https:\/\/thebrandcompany.garmentify.com\/wp-content\/uploads\/2025\/05\/63757-TBC847-100M-Botella-de-cristal-transparente-1l-con-tap-n-de-madera-MAE-LARGA-2.jpg","contentUrl":"https:\/\/thebrandcompany.garmentify.com\/wp-content\/uploads\/2025\/05\/63757-TBC847-100M-Botella-de-cristal-transparente-1l-con-tap-n-de-madera-MAE-LARGA-2.jpg","width":1080,"height":1080},{"@type":"BreadcrumbList","@id":"https:\/\/thebrandcompany.garmentify.com\/de\/producto\/1l-transparente-glasflasche-mit-holzverschluss-mae-larga\/#breadcrumb","itemListElement":[{"@type":"ListItem","position":1,"name":"Portada","item":"https:\/\/thebrandcompany.garmentify.com\/de\/"},{"@type":"ListItem","position":2,"name":"Shop","item":"https:\/\/thebrandcompany.garmentify.com\/tienda\/"},{"@type":"ListItem","position":3,"name":"1L transparente Glasflasche mit Holzverschluss MAE LARGA"}]},{"@type":"WebSite","@id":"https:\/\/thebrandcompany.garmentify.com\/de\/#website","url":"https:\/\/thebrandcompany.garmentify.com\/de\/","name":"The Brand Company","description":"","potentialAction":[{"@type":"SearchAction","target":{"@type":"EntryPoint","urlTemplate":"https:\/\/thebrandcompany.garmentify.com\/de\/?s={search_term_string}"},"query-input":{"@type":"PropertyValueSpecification","valueRequired":true,"valueName":"search_term_string"}}],"inLanguage":"de"}]}},"_links":{"self":[{"href":"https:\/\/thebrandcompany.garmentify.com\/de\/wp-json\/wp\/v2\/product\/66916","targetHints":{"allow":["GET"]}}],"collection":[{"href":"https:\/\/thebrandcompany.garmentify.com\/de\/wp-json\/wp\/v2\/product"}],"about":[{"href":"https:\/\/thebrandcompany.garmentify.com\/de\/wp-json\/wp\/v2\/types\/product"}],"replies":[{"embeddable":true,"href":"https:\/\/thebrandcompany.garmentify.com\/de\/wp-json\/wp\/v2\/comments?post=66916"}],"wp:featuredmedia":[{"embeddable":true,"href":"https:\/\/thebrandcompany.garmentify.com\/de\/wp-json\/wp\/v2\/media\/73958"}],"wp:attachment":[{"href":"https:\/\/thebrandcompany.garmentify.com\/de\/wp-json\/wp\/v2\/media?parent=66916"}],"wp:term":[{"taxonomy":"product_brand","embeddable":true,"href":"https:\/\/thebrandcompany.garmentify.com\/de\/wp-json\/wp\/v2\/product_brand?post=66916"},{"taxonomy":"product_cat","embeddable":true,"href":"https:\/\/thebrandcompany.garmentify.com\/de\/wp-json\/wp\/v2\/product_cat?post=66916"},{"taxonomy":"product_tag","embeddable":true,"href":"https:\/\/thebrandcompany.garmentify.com\/de\/wp-json\/wp\/v2\/product_tag?post=66916"}],"curies":[{"name":"wp","href":"https:\/\/api.w.org\/{rel}","templated":true}]}}