{"id":66849,"date":"2025-05-28T08:28:19","date_gmt":"2025-05-28T06:28:19","guid":{"rendered":"https:\/\/thebrandcompany.garmentify.com\/producto\/colorful-1l-farbglasflasche-silberner-verschluss\/"},"modified":"2025-07-15T16:18:09","modified_gmt":"2025-07-15T14:18:09","slug":"colorful-1l-farbglasflasche-silberner-verschluss","status":"publish","type":"product","link":"https:\/\/thebrandcompany.garmentify.com\/de\/producto\/colorful-1l-farbglasflasche-silberner-verschluss\/","title":{"rendered":"COLORFUL 1l Farbglasflasche, silberner Verschluss"},"content":{"rendered":"<p>    <title>Farbige Glasflasche COLORFUL 1l mit Silbernem Verschluss<\/title><\/p>\n<h2>Die Farbige Glasflasche COLORFUL 1l mit Silbernem Verschluss: Funktionalit\u00e4t und \u00c4sthetik f\u00fcr den Alltag<\/h2>\n<p>Die farbige Glasflasche COLORFUL 1l mit silbernem Verschluss ist ein Produkt, das f\u00fcr diejenigen konzipiert wurde, die sowohl Funktionalit\u00e4t als auch \u00c4sthetik in ihrem t\u00e4glichen Leben sch\u00e4tzen. Diese Flasche dient nicht nur dazu, den ganzen Tag \u00fcber hydratisiert zu bleiben, sondern f\u00fcgt auch einen Hauch von Farbe und Stil zur t\u00e4glichen Routine hinzu.<\/p>\n<p>Die COLORFUL Flasche ist eine elegante 1-Liter-Glasflasche, die Praktikabilit\u00e4t mit einem modernen und lebhaften Design verbindet. Sie ist in einer Reihe von auff\u00e4lligen Farben erh\u00e4ltlich, was eine Personalisierung nach den Geschm\u00e4ckern oder Bed\u00fcrfnissen jeder Person erm\u00f6glicht.<\/p>\n<h3>Vielfalt an Gr\u00f6\u00dfen und Verschl\u00fcssen, um Ihren Anforderungen zu entsprechen<\/h3>\n<p>Obwohl dieses spezifische Modell eine Kapazit\u00e4t von 1 Liter hat, ideal f\u00fcr die Hydratation w\u00e4hrend des Tages, zeichnet es sich durch den silbernen Schraubverschluss aus, der nicht nur einen luftdichten Abschluss zur Vermeidung von Auslaufen bietet, sondern auch ein anspruchsvolles Element zum Gesamtdesign hinzuf\u00fcgt.<\/p>\n<h3>Direktdruck f\u00fcr eine einzigartige Personalisierung<\/h3>\n<p>F\u00fcr diejenigen, die ihre Flasche personalisieren m\u00f6chten, bietet The Brand Company die Option des Direktdrucks an. Dies erm\u00f6glicht es Benutzern und Unternehmen, Logos, pers\u00f6nliche Nachrichten oder spezifische Designs hinzuzuf\u00fcgen, wodurch jede Flasche zu einem einzigartigen Artikel oder einem denkw\u00fcrdigen Werbegeschenk wird.<\/p>\n<h3>Vielfalt an Stilen und Farben, um Ihren Stil zu treffen<\/h3>\n<p>Mit ihrer Palette an lebhaften Farben erm\u00f6glicht die COLORFUL Flasche den Nutzern, ihren pers\u00f6nlichen Stil auszudr\u00fccken oder sie mit der Markenidentit\u00e4t eines Unternehmens abzustimmen. Ob Sie einen subtilen Ton oder etwas K\u00fchneres bevorzugen, es gibt eine Farbe f\u00fcr jede Pr\u00e4ferenz.<\/p>\n<h3>Zus\u00e4tzliche Optionen und pers\u00f6nliche Betreuung<\/h3>\n<p>The Brand Company verpflichtet sich, eine au\u00dfergew\u00f6hnliche Kundenerfahrung zu bieten, indem zus\u00e4tzliche Optionen und individuelle Betreuung angeboten werden, um alle Bed\u00fcrfnisse zu erf\u00fcllen. Ob es sich um eine gro\u00dfe Bestellung f\u00fcr eine Firmenveranstaltung oder eine kleine Menge f\u00fcr ein personalisiertes Geschenk handelt, sie stellen sicher, dass alle Erwartungen erf\u00fcllt werden.<\/p>\n<p>Zusammenfassend ist die farbige Glasflasche COLORFUL 1l mit silbernem Verschluss nicht nur ein Beh\u00e4lter f\u00fcr Getr\u00e4nke; es ist ein Lifestyle-Accessoire, das Funktionalit\u00e4t mit Design verbindet und die t\u00e4gliche Hydratation zu einem genussvolleren und stilvolleren Erlebnis macht.<\/p>\n","protected":false},"excerpt":{"rendered":"<p>1 Liter nachf\u00fcllbare Glasflasche COLORFUL 100 &#8211; 8,9&#215;32,4cm. Mit verschiedenen Farben. Deckel aus Edelstahl. Angepasst in eine Farbe<\/p>\n","protected":false},"featured_media":73505,"comment_status":"open","ping_status":"closed","template":"","meta":{"_acf_changed":false},"product_brand":[],"product_cat":[8395,8383],"product_tag":[],"class_list":{"0":"post-66849","1":"product","2":"type-product","3":"status-publish","4":"has-post-thumbnail","6":"product_cat-bunte-glasflaschen","7":"product_cat-glasflaschen-mit-schraubverschluss","8":"pa_capacidad-medida-1-l-de","9":"pa_color-del-producto-blaue-farbe-de","10":"pa_color-del-producto-durchsichtige-farbe-de","11":"pa_color-del-producto-grne-farbe-de","12":"pa_color-del-producto-rote-farbe-de","13":"pa_color-del-tapon-o-tapa-silberner-deckel-de","14":"pa_colores-personalizacion-1-farbdruck-de","15":"pa_colores-personalizacion-2-farbdruck-de","16":"pa_colores-personalizacion-nicht-personalisiert-de","17":"pa_material-del-producto-glas-de","18":"pa_tipo-de-personalizacion-direktdruck-de","19":"pa_tipo-de-personalizacion-nicht-personalisiert-de","21":"first","22":"instock","23":"taxable","24":"shipping-taxable","25":"purchasable","26":"product-type-variable","27":"wvs-archive-product-wrapper"},"acf":[],"yoast_head":"<!-- This site is optimized with the Yoast SEO plugin v27.2 - https:\/\/yoast.com\/product\/yoast-seo-wordpress\/ -->\n<title>COLORFUL 1l Farbglasflasche, silberner Verschluss - The Brand Company<\/title>\n<meta name=\"robots\" content=\"noindex, follow, max-snippet:-1, max-image-preview:large, max-video-preview:-1\" \/>\n<meta property=\"og:locale\" content=\"de_DE\" \/>\n<meta property=\"og:type\" content=\"article\" \/>\n<meta property=\"og:title\" content=\"COLORFUL 1l Farbglasflasche, silberner Verschluss - The Brand Company\" \/>\n<meta property=\"og:description\" content=\"1 Liter nachf\u00fcllbare Glasflasche COLORFUL 100 - 8,9x32,4cm. Mit verschiedenen Farben. Deckel aus Edelstahl. Angepasst in eine Farbe\" \/>\n<meta property=\"og:url\" content=\"https:\/\/thebrandcompany.garmentify.com\/de\/producto\/colorful-1l-farbglasflasche-silberner-verschluss\/\" \/>\n<meta property=\"og:site_name\" content=\"The Brand Company\" \/>\n<meta property=\"article:modified_time\" content=\"2025-07-15T14:18:09+00:00\" \/>\n<meta property=\"og:image\" content=\"https:\/\/thebrandcompany.garmentify.com\/wp-content\/uploads\/2025\/05\/13858-TBC867-Botella-de-cristal-de-colores-COLORFUL-1l-tap-n-plateado-2.jpg\" \/>\n\t<meta property=\"og:image:width\" content=\"643\" \/>\n\t<meta property=\"og:image:height\" content=\"1000\" \/>\n\t<meta property=\"og:image:type\" content=\"image\/jpeg\" \/>\n<meta name=\"twitter:card\" content=\"summary_large_image\" \/>\n<meta name=\"twitter:label1\" content=\"Gesch\u00e4tzte Lesezeit\" \/>\n\t<meta name=\"twitter:data1\" content=\"2\u00a0Minuten\" \/>\n<script type=\"application\/ld+json\" class=\"yoast-schema-graph\">{\"@context\":\"https:\/\/schema.org\",\"@graph\":[{\"@type\":\"WebPage\",\"@id\":\"https:\/\/thebrandcompany.garmentify.com\/de\/producto\/colorful-1l-farbglasflasche-silberner-verschluss\/\",\"url\":\"https:\/\/thebrandcompany.garmentify.com\/de\/producto\/colorful-1l-farbglasflasche-silberner-verschluss\/\",\"name\":\"COLORFUL 1l Farbglasflasche, silberner Verschluss - The Brand Company\",\"isPartOf\":{\"@id\":\"https:\/\/thebrandcompany.garmentify.com\/de\/#website\"},\"primaryImageOfPage\":{\"@id\":\"https:\/\/thebrandcompany.garmentify.com\/de\/producto\/colorful-1l-farbglasflasche-silberner-verschluss\/#primaryimage\"},\"image\":{\"@id\":\"https:\/\/thebrandcompany.garmentify.com\/de\/producto\/colorful-1l-farbglasflasche-silberner-verschluss\/#primaryimage\"},\"thumbnailUrl\":\"https:\/\/thebrandcompany.garmentify.com\/wp-content\/uploads\/2025\/05\/13858-TBC867-Botella-de-cristal-de-colores-COLORFUL-1l-tap-n-plateado-2.jpg\",\"datePublished\":\"2025-05-28T06:28:19+00:00\",\"dateModified\":\"2025-07-15T14:18:09+00:00\",\"breadcrumb\":{\"@id\":\"https:\/\/thebrandcompany.garmentify.com\/de\/producto\/colorful-1l-farbglasflasche-silberner-verschluss\/#breadcrumb\"},\"inLanguage\":\"de\",\"potentialAction\":[{\"@type\":\"ReadAction\",\"target\":[\"https:\/\/thebrandcompany.garmentify.com\/de\/producto\/colorful-1l-farbglasflasche-silberner-verschluss\/\"]}]},{\"@type\":\"ImageObject\",\"inLanguage\":\"de\",\"@id\":\"https:\/\/thebrandcompany.garmentify.com\/de\/producto\/colorful-1l-farbglasflasche-silberner-verschluss\/#primaryimage\",\"url\":\"https:\/\/thebrandcompany.garmentify.com\/wp-content\/uploads\/2025\/05\/13858-TBC867-Botella-de-cristal-de-colores-COLORFUL-1l-tap-n-plateado-2.jpg\",\"contentUrl\":\"https:\/\/thebrandcompany.garmentify.com\/wp-content\/uploads\/2025\/05\/13858-TBC867-Botella-de-cristal-de-colores-COLORFUL-1l-tap-n-plateado-2.jpg\",\"width\":643,\"height\":1000},{\"@type\":\"BreadcrumbList\",\"@id\":\"https:\/\/thebrandcompany.garmentify.com\/de\/producto\/colorful-1l-farbglasflasche-silberner-verschluss\/#breadcrumb\",\"itemListElement\":[{\"@type\":\"ListItem\",\"position\":1,\"name\":\"Portada\",\"item\":\"https:\/\/thebrandcompany.garmentify.com\/de\/\"},{\"@type\":\"ListItem\",\"position\":2,\"name\":\"Shop\",\"item\":\"https:\/\/thebrandcompany.garmentify.com\/tienda\/\"},{\"@type\":\"ListItem\",\"position\":3,\"name\":\"COLORFUL 1l Farbglasflasche, silberner Verschluss\"}]},{\"@type\":\"WebSite\",\"@id\":\"https:\/\/thebrandcompany.garmentify.com\/de\/#website\",\"url\":\"https:\/\/thebrandcompany.garmentify.com\/de\/\",\"name\":\"The Brand Company\",\"description\":\"\",\"potentialAction\":[{\"@type\":\"SearchAction\",\"target\":{\"@type\":\"EntryPoint\",\"urlTemplate\":\"https:\/\/thebrandcompany.garmentify.com\/de\/?s={search_term_string}\"},\"query-input\":{\"@type\":\"PropertyValueSpecification\",\"valueRequired\":true,\"valueName\":\"search_term_string\"}}],\"inLanguage\":\"de\"}]}<\/script>\n<!-- \/ Yoast SEO plugin. -->","yoast_head_json":{"title":"COLORFUL 1l Farbglasflasche, silberner Verschluss - The Brand Company","robots":{"index":"noindex","follow":"follow","max-snippet":"max-snippet:-1","max-image-preview":"max-image-preview:large","max-video-preview":"max-video-preview:-1"},"og_locale":"de_DE","og_type":"article","og_title":"COLORFUL 1l Farbglasflasche, silberner Verschluss - The Brand Company","og_description":"1 Liter nachf\u00fcllbare Glasflasche COLORFUL 100 - 8,9x32,4cm. Mit verschiedenen Farben. Deckel aus Edelstahl. Angepasst in eine Farbe","og_url":"https:\/\/thebrandcompany.garmentify.com\/de\/producto\/colorful-1l-farbglasflasche-silberner-verschluss\/","og_site_name":"The Brand Company","article_modified_time":"2025-07-15T14:18:09+00:00","og_image":[{"width":643,"height":1000,"url":"https:\/\/thebrandcompany.garmentify.com\/wp-content\/uploads\/2025\/05\/13858-TBC867-Botella-de-cristal-de-colores-COLORFUL-1l-tap-n-plateado-2.jpg","type":"image\/jpeg"}],"twitter_card":"summary_large_image","twitter_misc":{"Gesch\u00e4tzte Lesezeit":"2\u00a0Minuten"},"schema":{"@context":"https:\/\/schema.org","@graph":[{"@type":"WebPage","@id":"https:\/\/thebrandcompany.garmentify.com\/de\/producto\/colorful-1l-farbglasflasche-silberner-verschluss\/","url":"https:\/\/thebrandcompany.garmentify.com\/de\/producto\/colorful-1l-farbglasflasche-silberner-verschluss\/","name":"COLORFUL 1l Farbglasflasche, silberner Verschluss - The Brand Company","isPartOf":{"@id":"https:\/\/thebrandcompany.garmentify.com\/de\/#website"},"primaryImageOfPage":{"@id":"https:\/\/thebrandcompany.garmentify.com\/de\/producto\/colorful-1l-farbglasflasche-silberner-verschluss\/#primaryimage"},"image":{"@id":"https:\/\/thebrandcompany.garmentify.com\/de\/producto\/colorful-1l-farbglasflasche-silberner-verschluss\/#primaryimage"},"thumbnailUrl":"https:\/\/thebrandcompany.garmentify.com\/wp-content\/uploads\/2025\/05\/13858-TBC867-Botella-de-cristal-de-colores-COLORFUL-1l-tap-n-plateado-2.jpg","datePublished":"2025-05-28T06:28:19+00:00","dateModified":"2025-07-15T14:18:09+00:00","breadcrumb":{"@id":"https:\/\/thebrandcompany.garmentify.com\/de\/producto\/colorful-1l-farbglasflasche-silberner-verschluss\/#breadcrumb"},"inLanguage":"de","potentialAction":[{"@type":"ReadAction","target":["https:\/\/thebrandcompany.garmentify.com\/de\/producto\/colorful-1l-farbglasflasche-silberner-verschluss\/"]}]},{"@type":"ImageObject","inLanguage":"de","@id":"https:\/\/thebrandcompany.garmentify.com\/de\/producto\/colorful-1l-farbglasflasche-silberner-verschluss\/#primaryimage","url":"https:\/\/thebrandcompany.garmentify.com\/wp-content\/uploads\/2025\/05\/13858-TBC867-Botella-de-cristal-de-colores-COLORFUL-1l-tap-n-plateado-2.jpg","contentUrl":"https:\/\/thebrandcompany.garmentify.com\/wp-content\/uploads\/2025\/05\/13858-TBC867-Botella-de-cristal-de-colores-COLORFUL-1l-tap-n-plateado-2.jpg","width":643,"height":1000},{"@type":"BreadcrumbList","@id":"https:\/\/thebrandcompany.garmentify.com\/de\/producto\/colorful-1l-farbglasflasche-silberner-verschluss\/#breadcrumb","itemListElement":[{"@type":"ListItem","position":1,"name":"Portada","item":"https:\/\/thebrandcompany.garmentify.com\/de\/"},{"@type":"ListItem","position":2,"name":"Shop","item":"https:\/\/thebrandcompany.garmentify.com\/tienda\/"},{"@type":"ListItem","position":3,"name":"COLORFUL 1l Farbglasflasche, silberner Verschluss"}]},{"@type":"WebSite","@id":"https:\/\/thebrandcompany.garmentify.com\/de\/#website","url":"https:\/\/thebrandcompany.garmentify.com\/de\/","name":"The Brand Company","description":"","potentialAction":[{"@type":"SearchAction","target":{"@type":"EntryPoint","urlTemplate":"https:\/\/thebrandcompany.garmentify.com\/de\/?s={search_term_string}"},"query-input":{"@type":"PropertyValueSpecification","valueRequired":true,"valueName":"search_term_string"}}],"inLanguage":"de"}]}},"_links":{"self":[{"href":"https:\/\/thebrandcompany.garmentify.com\/de\/wp-json\/wp\/v2\/product\/66849","targetHints":{"allow":["GET"]}}],"collection":[{"href":"https:\/\/thebrandcompany.garmentify.com\/de\/wp-json\/wp\/v2\/product"}],"about":[{"href":"https:\/\/thebrandcompany.garmentify.com\/de\/wp-json\/wp\/v2\/types\/product"}],"replies":[{"embeddable":true,"href":"https:\/\/thebrandcompany.garmentify.com\/de\/wp-json\/wp\/v2\/comments?post=66849"}],"wp:featuredmedia":[{"embeddable":true,"href":"https:\/\/thebrandcompany.garmentify.com\/de\/wp-json\/wp\/v2\/media\/73505"}],"wp:attachment":[{"href":"https:\/\/thebrandcompany.garmentify.com\/de\/wp-json\/wp\/v2\/media?parent=66849"}],"wp:term":[{"taxonomy":"product_brand","embeddable":true,"href":"https:\/\/thebrandcompany.garmentify.com\/de\/wp-json\/wp\/v2\/product_brand?post=66849"},{"taxonomy":"product_cat","embeddable":true,"href":"https:\/\/thebrandcompany.garmentify.com\/de\/wp-json\/wp\/v2\/product_cat?post=66849"},{"taxonomy":"product_tag","embeddable":true,"href":"https:\/\/thebrandcompany.garmentify.com\/de\/wp-json\/wp\/v2\/product_tag?post=66849"}],"curies":[{"name":"wp","href":"https:\/\/api.w.org\/{rel}","templated":true}]}}