{"id":66229,"date":"2025-05-28T08:15:30","date_gmt":"2025-05-28T06:15:30","guid":{"rendered":"https:\/\/thebrandcompany.garmentify.com\/producto\/850-ml-glasflasche-mit-metallschutzhuelle-lisur\/"},"modified":"2025-06-04T13:44:10","modified_gmt":"2025-06-04T11:44:10","slug":"850-ml-glasflasche-mit-metallschutzhuelle-lisur","status":"publish","type":"product","link":"https:\/\/thebrandcompany.garmentify.com\/de\/producto\/850-ml-glasflasche-mit-metallschutzhuelle-lisur\/","title":{"rendered":"850-ml-Glasflasche mit Metallschutzh\u00fclle LISUR."},"content":{"rendered":"<p>    <title>Beschreibung der Glasflasche LISUR<\/title><\/p>\n<h2>Glasflasche LISUR: Praktisch, Elegant und Personalisiert<\/h2>\n<p>Die Glasflasche LISUR mit 850 ml Inhalt definiert die Art und Weise, wie wir Fl\u00fcssigkeiten trinken und transportieren, neu. Neben der praktischen und umweltfreundlichen L\u00f6sung zur Aufrechterhaltung der Hydratation besticht sie durch ihr elegantes Design und den charakteristischen Metallschutz.<\/p>\n<h3>Verschiedene Gr\u00f6\u00dfen und Angepasste Deckel<\/h3>\n<p>Obwohl sie ein Fassungsverm\u00f6gen von 850 ml hat, bietet The Brand Company Anpassungsoptionen, um den Bed\u00fcrfnissen jedes Kunden gerecht zu werden, einschlie\u00dflich verschiedener Gr\u00f6\u00dfen und Arten von Deckeln.<\/p>\n<h3>Personalisierung mit Laser- und Direktdruck<\/h3>\n<p>Dank modernster Laser- und Direktdrucktechnologie kann jede LISUR-Flasche mit Logos, Nachrichten oder Designs personalisiert werden und sich so zu einem einzigartigen Werbe- oder pers\u00f6nlichen Geschenk entwickeln.<\/p>\n<h3>Verschiedene Stile und Farben<\/h3>\n<p>Der Metallschutz bietet nicht nur Haltbarkeit und Schutz, sondern verleiht auch Stil. Zusammen mit der M\u00f6glichkeit, die Glasfarbe anzupassen, passen sich diese Flaschen perfekt an pers\u00f6nliche oder Markenvorlieben an.<\/p>\n<h3>Individueller Service<\/h3>\n<p>The Brand Company ist stolz darauf, ma\u00dfgeschneiderte L\u00f6sungen vom Design bis zur Lieferung anzubieten, einschlie\u00dflich Beratung und logistischer Optionen.<\/p>\n<p>Die Glasflasche LISUR mit Metallschutz ist mehr als nur ein Beh\u00e4lter f\u00fcr Fl\u00fcssigkeiten; sie ist ein Symbol f\u00fcr Engagement f\u00fcr Qualit\u00e4t, Design und Nachhaltigkeit, ideal f\u00fcr diejenigen, die Funktionalit\u00e4t und Stil im t\u00e4glichen Leben sch\u00e4tzen.<\/p>\n","protected":false},"excerpt":{"rendered":"<p>Hochwertige Design Flasche, 850 ml LISUR. Aus Borosilikatglas und Schutz aus rostfreiem Stahl. 8x28cm. Pr\u00e4sentiert in einer attraktiven Designbox.<\/p>\n","protected":false},"featured_media":69700,"comment_status":"open","ping_status":"closed","template":"","meta":{"_acf_changed":false},"product_brand":[],"product_cat":[8375],"product_tag":[],"class_list":{"0":"post-66229","1":"product","2":"type-product","3":"status-publish","4":"has-post-thumbnail","6":"product_cat-glasflaschen-mit-schutzvorrichtung","7":"pa_capacidad-medida-800-ml-de","8":"pa_color-del-producto-silberne-farbe-de","9":"pa_colores-personalizacion-1-farbdruck-de","10":"pa_colores-personalizacion-gravur-de","11":"pa_colores-personalizacion-nicht-personalisiert-de","12":"pa_material-del-producto-borosilikatglas-de","13":"pa_tipo-de-personalizacion-direktdruck-de","14":"pa_tipo-de-personalizacion-laser-de","15":"pa_tipo-de-personalizacion-nicht-personalisiert-de","17":"first","18":"instock","19":"taxable","20":"shipping-taxable","21":"purchasable","22":"product-type-variable","23":"wvs-archive-product-wrapper"},"acf":[],"yoast_head":"<!-- This site is optimized with the Yoast SEO plugin v27.2 - https:\/\/yoast.com\/product\/yoast-seo-wordpress\/ -->\n<title>850-ml-Glasflasche mit Metallschutzh\u00fclle LISUR. - The Brand Company<\/title>\n<meta name=\"robots\" content=\"noindex, follow, max-snippet:-1, max-image-preview:large, max-video-preview:-1\" \/>\n<meta property=\"og:locale\" content=\"de_DE\" \/>\n<meta property=\"og:type\" content=\"article\" \/>\n<meta property=\"og:title\" content=\"850-ml-Glasflasche mit Metallschutzh\u00fclle LISUR. - The Brand Company\" \/>\n<meta property=\"og:description\" content=\"Hochwertige Design Flasche, 850 ml LISUR. Aus Borosilikatglas und Schutz aus rostfreiem Stahl. 8x28cm. Pr\u00e4sentiert in einer attraktiven Designbox.\" \/>\n<meta property=\"og:url\" content=\"https:\/\/thebrandcompany.garmentify.com\/de\/producto\/850-ml-glasflasche-mit-metallschutzhuelle-lisur\/\" \/>\n<meta property=\"og:site_name\" content=\"The Brand Company\" \/>\n<meta property=\"article:modified_time\" content=\"2025-06-04T11:44:10+00:00\" \/>\n<meta property=\"og:image\" content=\"https:\/\/thebrandcompany.garmentify.com\/wp-content\/uploads\/2025\/05\/14230-TBC887-Bid-n-de-cristal-de-850-ml-con-protector-met-lico-LISUR-1-1.jpg\" \/>\n\t<meta property=\"og:image:width\" content=\"1920\" \/>\n\t<meta property=\"og:image:height\" content=\"1770\" \/>\n\t<meta property=\"og:image:type\" content=\"image\/jpeg\" \/>\n<meta name=\"twitter:card\" content=\"summary_large_image\" \/>\n<meta name=\"twitter:label1\" content=\"Gesch\u00e4tzte Lesezeit\" \/>\n\t<meta name=\"twitter:data1\" content=\"1\u00a0Minute\" \/>\n<script type=\"application\/ld+json\" class=\"yoast-schema-graph\">{\"@context\":\"https:\/\/schema.org\",\"@graph\":[{\"@type\":\"WebPage\",\"@id\":\"https:\/\/thebrandcompany.garmentify.com\/de\/producto\/850-ml-glasflasche-mit-metallschutzhuelle-lisur\/\",\"url\":\"https:\/\/thebrandcompany.garmentify.com\/de\/producto\/850-ml-glasflasche-mit-metallschutzhuelle-lisur\/\",\"name\":\"850-ml-Glasflasche mit Metallschutzh\u00fclle LISUR. - The Brand Company\",\"isPartOf\":{\"@id\":\"https:\/\/thebrandcompany.garmentify.com\/de\/#website\"},\"primaryImageOfPage\":{\"@id\":\"https:\/\/thebrandcompany.garmentify.com\/de\/producto\/850-ml-glasflasche-mit-metallschutzhuelle-lisur\/#primaryimage\"},\"image\":{\"@id\":\"https:\/\/thebrandcompany.garmentify.com\/de\/producto\/850-ml-glasflasche-mit-metallschutzhuelle-lisur\/#primaryimage\"},\"thumbnailUrl\":\"https:\/\/thebrandcompany.garmentify.com\/wp-content\/uploads\/2025\/05\/14230-TBC887-Bid-n-de-cristal-de-850-ml-con-protector-met-lico-LISUR-1-1.jpg\",\"datePublished\":\"2025-05-28T06:15:30+00:00\",\"dateModified\":\"2025-06-04T11:44:10+00:00\",\"breadcrumb\":{\"@id\":\"https:\/\/thebrandcompany.garmentify.com\/de\/producto\/850-ml-glasflasche-mit-metallschutzhuelle-lisur\/#breadcrumb\"},\"inLanguage\":\"de\",\"potentialAction\":[{\"@type\":\"ReadAction\",\"target\":[\"https:\/\/thebrandcompany.garmentify.com\/de\/producto\/850-ml-glasflasche-mit-metallschutzhuelle-lisur\/\"]}]},{\"@type\":\"ImageObject\",\"inLanguage\":\"de\",\"@id\":\"https:\/\/thebrandcompany.garmentify.com\/de\/producto\/850-ml-glasflasche-mit-metallschutzhuelle-lisur\/#primaryimage\",\"url\":\"https:\/\/thebrandcompany.garmentify.com\/wp-content\/uploads\/2025\/05\/14230-TBC887-Bid-n-de-cristal-de-850-ml-con-protector-met-lico-LISUR-1-1.jpg\",\"contentUrl\":\"https:\/\/thebrandcompany.garmentify.com\/wp-content\/uploads\/2025\/05\/14230-TBC887-Bid-n-de-cristal-de-850-ml-con-protector-met-lico-LISUR-1-1.jpg\",\"width\":1920,\"height\":1770},{\"@type\":\"BreadcrumbList\",\"@id\":\"https:\/\/thebrandcompany.garmentify.com\/de\/producto\/850-ml-glasflasche-mit-metallschutzhuelle-lisur\/#breadcrumb\",\"itemListElement\":[{\"@type\":\"ListItem\",\"position\":1,\"name\":\"Portada\",\"item\":\"https:\/\/thebrandcompany.garmentify.com\/de\/\"},{\"@type\":\"ListItem\",\"position\":2,\"name\":\"Shop\",\"item\":\"https:\/\/thebrandcompany.garmentify.com\/tienda\/\"},{\"@type\":\"ListItem\",\"position\":3,\"name\":\"850-ml-Glasflasche mit Metallschutzh\u00fclle LISUR.\"}]},{\"@type\":\"WebSite\",\"@id\":\"https:\/\/thebrandcompany.garmentify.com\/de\/#website\",\"url\":\"https:\/\/thebrandcompany.garmentify.com\/de\/\",\"name\":\"The Brand Company\",\"description\":\"\",\"potentialAction\":[{\"@type\":\"SearchAction\",\"target\":{\"@type\":\"EntryPoint\",\"urlTemplate\":\"https:\/\/thebrandcompany.garmentify.com\/de\/?s={search_term_string}\"},\"query-input\":{\"@type\":\"PropertyValueSpecification\",\"valueRequired\":true,\"valueName\":\"search_term_string\"}}],\"inLanguage\":\"de\"}]}<\/script>\n<!-- \/ Yoast SEO plugin. -->","yoast_head_json":{"title":"850-ml-Glasflasche mit Metallschutzh\u00fclle LISUR. - The Brand Company","robots":{"index":"noindex","follow":"follow","max-snippet":"max-snippet:-1","max-image-preview":"max-image-preview:large","max-video-preview":"max-video-preview:-1"},"og_locale":"de_DE","og_type":"article","og_title":"850-ml-Glasflasche mit Metallschutzh\u00fclle LISUR. - The Brand Company","og_description":"Hochwertige Design Flasche, 850 ml LISUR. Aus Borosilikatglas und Schutz aus rostfreiem Stahl. 8x28cm. Pr\u00e4sentiert in einer attraktiven Designbox.","og_url":"https:\/\/thebrandcompany.garmentify.com\/de\/producto\/850-ml-glasflasche-mit-metallschutzhuelle-lisur\/","og_site_name":"The Brand Company","article_modified_time":"2025-06-04T11:44:10+00:00","og_image":[{"width":1920,"height":1770,"url":"https:\/\/thebrandcompany.garmentify.com\/wp-content\/uploads\/2025\/05\/14230-TBC887-Bid-n-de-cristal-de-850-ml-con-protector-met-lico-LISUR-1-1.jpg","type":"image\/jpeg"}],"twitter_card":"summary_large_image","twitter_misc":{"Gesch\u00e4tzte Lesezeit":"1\u00a0Minute"},"schema":{"@context":"https:\/\/schema.org","@graph":[{"@type":"WebPage","@id":"https:\/\/thebrandcompany.garmentify.com\/de\/producto\/850-ml-glasflasche-mit-metallschutzhuelle-lisur\/","url":"https:\/\/thebrandcompany.garmentify.com\/de\/producto\/850-ml-glasflasche-mit-metallschutzhuelle-lisur\/","name":"850-ml-Glasflasche mit Metallschutzh\u00fclle LISUR. - The Brand Company","isPartOf":{"@id":"https:\/\/thebrandcompany.garmentify.com\/de\/#website"},"primaryImageOfPage":{"@id":"https:\/\/thebrandcompany.garmentify.com\/de\/producto\/850-ml-glasflasche-mit-metallschutzhuelle-lisur\/#primaryimage"},"image":{"@id":"https:\/\/thebrandcompany.garmentify.com\/de\/producto\/850-ml-glasflasche-mit-metallschutzhuelle-lisur\/#primaryimage"},"thumbnailUrl":"https:\/\/thebrandcompany.garmentify.com\/wp-content\/uploads\/2025\/05\/14230-TBC887-Bid-n-de-cristal-de-850-ml-con-protector-met-lico-LISUR-1-1.jpg","datePublished":"2025-05-28T06:15:30+00:00","dateModified":"2025-06-04T11:44:10+00:00","breadcrumb":{"@id":"https:\/\/thebrandcompany.garmentify.com\/de\/producto\/850-ml-glasflasche-mit-metallschutzhuelle-lisur\/#breadcrumb"},"inLanguage":"de","potentialAction":[{"@type":"ReadAction","target":["https:\/\/thebrandcompany.garmentify.com\/de\/producto\/850-ml-glasflasche-mit-metallschutzhuelle-lisur\/"]}]},{"@type":"ImageObject","inLanguage":"de","@id":"https:\/\/thebrandcompany.garmentify.com\/de\/producto\/850-ml-glasflasche-mit-metallschutzhuelle-lisur\/#primaryimage","url":"https:\/\/thebrandcompany.garmentify.com\/wp-content\/uploads\/2025\/05\/14230-TBC887-Bid-n-de-cristal-de-850-ml-con-protector-met-lico-LISUR-1-1.jpg","contentUrl":"https:\/\/thebrandcompany.garmentify.com\/wp-content\/uploads\/2025\/05\/14230-TBC887-Bid-n-de-cristal-de-850-ml-con-protector-met-lico-LISUR-1-1.jpg","width":1920,"height":1770},{"@type":"BreadcrumbList","@id":"https:\/\/thebrandcompany.garmentify.com\/de\/producto\/850-ml-glasflasche-mit-metallschutzhuelle-lisur\/#breadcrumb","itemListElement":[{"@type":"ListItem","position":1,"name":"Portada","item":"https:\/\/thebrandcompany.garmentify.com\/de\/"},{"@type":"ListItem","position":2,"name":"Shop","item":"https:\/\/thebrandcompany.garmentify.com\/tienda\/"},{"@type":"ListItem","position":3,"name":"850-ml-Glasflasche mit Metallschutzh\u00fclle LISUR."}]},{"@type":"WebSite","@id":"https:\/\/thebrandcompany.garmentify.com\/de\/#website","url":"https:\/\/thebrandcompany.garmentify.com\/de\/","name":"The Brand Company","description":"","potentialAction":[{"@type":"SearchAction","target":{"@type":"EntryPoint","urlTemplate":"https:\/\/thebrandcompany.garmentify.com\/de\/?s={search_term_string}"},"query-input":{"@type":"PropertyValueSpecification","valueRequired":true,"valueName":"search_term_string"}}],"inLanguage":"de"}]}},"_links":{"self":[{"href":"https:\/\/thebrandcompany.garmentify.com\/de\/wp-json\/wp\/v2\/product\/66229","targetHints":{"allow":["GET"]}}],"collection":[{"href":"https:\/\/thebrandcompany.garmentify.com\/de\/wp-json\/wp\/v2\/product"}],"about":[{"href":"https:\/\/thebrandcompany.garmentify.com\/de\/wp-json\/wp\/v2\/types\/product"}],"replies":[{"embeddable":true,"href":"https:\/\/thebrandcompany.garmentify.com\/de\/wp-json\/wp\/v2\/comments?post=66229"}],"wp:featuredmedia":[{"embeddable":true,"href":"https:\/\/thebrandcompany.garmentify.com\/de\/wp-json\/wp\/v2\/media\/69700"}],"wp:attachment":[{"href":"https:\/\/thebrandcompany.garmentify.com\/de\/wp-json\/wp\/v2\/media?parent=66229"}],"wp:term":[{"taxonomy":"product_brand","embeddable":true,"href":"https:\/\/thebrandcompany.garmentify.com\/de\/wp-json\/wp\/v2\/product_brand?post=66229"},{"taxonomy":"product_cat","embeddable":true,"href":"https:\/\/thebrandcompany.garmentify.com\/de\/wp-json\/wp\/v2\/product_cat?post=66229"},{"taxonomy":"product_tag","embeddable":true,"href":"https:\/\/thebrandcompany.garmentify.com\/de\/wp-json\/wp\/v2\/product_tag?post=66229"}],"curies":[{"name":"wp","href":"https:\/\/api.w.org\/{rel}","templated":true}]}}